{"id":1347,"date":"2024-01-17T20:54:06","date_gmt":"2024-01-17T20:54:06","guid":{"rendered":"https:\/\/premiernaturalwellness.center\/?post_type=product&#038;p=1347"},"modified":"2024-03-01T21:33:34","modified_gmt":"2024-03-01T21:33:34","slug":"chanca-piedra","status":"publish","type":"product","link":"https:\/\/premiernaturalwellness.center\/es\/product\/chanca-piedra\/","title":{"rendered":"CHANCA PIEDRA"},"content":{"rendered":"<div data-elementor-type=\"wp-post\" data-elementor-id=\"1347\" class=\"elementor elementor-1347\">\n\t\t\t\t<div class=\"elementor-element elementor-element-4aef5a58 e-flex e-con-boxed e-con e-parent\" data-id=\"4aef5a58\" data-element_type=\"container\">\n\t\t\t\t\t<div class=\"e-con-inner\">\n\t\t\t\t<div class=\"elementor-element elementor-element-21f05977 elementor-widget elementor-widget-text-editor\" data-id=\"21f05977\" data-element_type=\"widget\" data-widget_type=\"text-editor.default\">\n\t\t\t\t<div class=\"elementor-widget-container\">\n\t\t\t\t\t\t\t\t\tLa Chanca Piedra, una fuerte planta originaria de la selva amaz\u00f3nica y llamada \u201crompepiedras\u201d en el idioma local, se ha utilizado durante mucho tiempo en numerosas culturas como remedio natural para los c\u00e1lculos renales y de la ves\u00edcula biliar. Amplias investigaciones realizadas en pa\u00edses como Brasil, Alemania e India han confirmado su eficacia para promover la salud de los ri\u00f1ones y apoyar otros \u00f3rganos cruciales. Esto hace que Chanca Piedra sea una gran incorporaci\u00f3n a los centros de bienestar, especialmente para quienes buscan respuestas a base de hierbas para la salud renal y de la ves\u00edcula biliar.\t\t\t\t\t\t\t\t<\/div>\n\t\t\t\t<\/div>\n\t\t\t\t\t<\/div>\n\t\t\t\t<\/div>\n\t\t\t\t<section class=\"elementor-section elementor-top-section elementor-element elementor-element-1e447a30 elementor-section-boxed elementor-section-height-default elementor-section-height-default\" data-id=\"1e447a30\" data-element_type=\"section\">\n\t\t\t\t\t\t<div class=\"elementor-container elementor-column-gap-default\">\n\t\t\t\t\t<div class=\"elementor-column elementor-col-100 elementor-top-column elementor-element elementor-element-1fa56371\" data-id=\"1fa56371\" data-element_type=\"column\">\n\t\t\t<div class=\"elementor-widget-wrap elementor-element-populated\">\n\t\t\t\t\t\t<div class=\"elementor-element elementor-element-2adb6639 elementor-widget elementor-widget-heading\" data-id=\"2adb6639\" data-element_type=\"widget\" data-widget_type=\"heading.default\">\n\t\t\t\t<div class=\"elementor-widget-container\">\n\t\t\t\t\t<h3 class=\"elementor-heading-title elementor-size-default\">Ahora disponible en Puerto Rico.<\/h3>\t\t\t\t<\/div>\n\t\t\t\t<\/div>\n\t\t\t\t<div class=\"elementor-element elementor-element-62a3c38b elementor-widget elementor-widget-video\" data-id=\"62a3c38b\" data-element_type=\"widget\" data-settings=\"{&quot;youtube_url&quot;:&quot;https:\\\/\\\/youtu.be\\\/-ujbM8O94kk&quot;,&quot;loop&quot;:&quot;yes&quot;,&quot;modestbranding&quot;:&quot;yes&quot;,&quot;video_type&quot;:&quot;youtube&quot;,&quot;controls&quot;:&quot;yes&quot;}\" data-widget_type=\"video.default\">\n\t\t\t\t<div class=\"elementor-widget-container\">\n\t\t\t\t\t\t\t<div class=\"elementor-wrapper elementor-open-inline\">\n\t\t\t<div class=\"elementor-video\"><\/div>\t\t<\/div>\n\t\t\t\t\t\t<\/div>\n\t\t\t\t<\/div>\n\t\t\t\t<div class=\"elementor-element elementor-element-53be6471 elementor-widget elementor-widget-spacer\" data-id=\"53be6471\" data-element_type=\"widget\" data-widget_type=\"spacer.default\">\n\t\t\t\t<div class=\"elementor-widget-container\">\n\t\t\t\t\t\t\t<div class=\"elementor-spacer\">\n\t\t\t<div class=\"elementor-spacer-inner\"><\/div>\n\t\t<\/div>\n\t\t\t\t\t\t<\/div>\n\t\t\t\t<\/div>\n\t\t\t\t<div class=\"elementor-element elementor-element-4009ac15 elementor-widget elementor-widget-heading\" data-id=\"4009ac15\" data-element_type=\"widget\" data-widget_type=\"heading.default\">\n\t\t\t\t<div class=\"elementor-widget-container\">\n\t\t\t\t\t<h3 class=\"elementor-heading-title elementor-size-default\">Voces de Bienestar <\/h3>\t\t\t\t<\/div>\n\t\t\t\t<\/div>\n\t\t\t\t<div class=\"elementor-element elementor-element-62b103e elementor-widget elementor-widget-testimonial\" data-id=\"62b103e\" data-element_type=\"widget\" data-widget_type=\"testimonial.default\">\n\t\t\t\t<div class=\"elementor-widget-container\">\n\t\t\t\t\t\t\t<div class=\"elementor-testimonial-wrapper\">\n\t\t\t\t\t\t\t<div class=\"elementor-testimonial-content\">Mi nombre es Nitza L\u00f3pez, en b\u00fasqueda de mi mejor calidad para mi salud y la de mi esposo Federico L\u00f3pez me recomendaron un Premier Natural Wellness Center. Hemos usado de ellos varios de sus servicios, entre ellos: los sueros , las multivitaminas, variedad de teses naturales, todos excelent\u00edsimos. Tambi\u00e9n he tenido consultas con la Naturapata, Lcda. Ver\u00f3nica Ortiz, quien ha sido de gran ayuda en mi proceso de salud f\u00edsica y emocional, la recomiendo totalmente. Adem\u00e1s cuentan con un personal espectacular, nos han tratado como familia. <\/div>\n\t\t\t\n\t\t\t\t\t\t<div class=\"elementor-testimonial-meta\">\n\t\t\t\t<div class=\"elementor-testimonial-meta-inner\">\n\t\t\t\t\t\n\t\t\t\t\t\t\t\t\t\t<div class=\"elementor-testimonial-details\">\n\t\t\t\t\t\t\t\t\t\t\t\t\t\t<div class=\"elementor-testimonial-name\">Los recomiendo 100 % todos los servicios.<\/div>\n\t\t\t\t\t\t\t\t\t\t\t\t\t\t\t\t\t\t\t<\/div>\n\t\t\t\t\t\t\t\t\t<\/div>\n\t\t\t<\/div>\n\t\t\t\t\t<\/div>\n\t\t\t\t\t\t<\/div>\n\t\t\t\t<\/div>\n\t\t\t\t\t<\/div>\n\t\t<\/div>\n\t\t\t\t\t<\/div>\n\t\t<\/section>\n\t\t\t\t<\/div>","protected":false},"excerpt":{"rendered":"<p>Una poderosa planta aut\u00f3ctona de la selva amaz\u00f3nica, la chanca piedra, que en el idioma local significa \"rompepiedras\", ha sido utilizada durante siglos por muchas culturas como remedio para los c\u00e1lculos renales y de la ves\u00edcula biliar. Las investigaciones sobre la planta en Brasil, Alemania e India han descubierto que es una terapia eficaz para la salud de los ri\u00f1ones y otros \u00f3rganos importantes.<\/p>\n<p>\u2022 Ayuda a romper piedras<\/p>\n<p>\u2022 Apoya la salud renal<\/p>\n<p>\u2022 Apoya la salud de \u00f3rganos importantes del cuerpo.<\/p>","protected":false},"featured_media":1428,"template":"","meta":[],"product_cat":[122],"product_tag":[123],"yoast_head":"<!-- This site is optimized with the Yoast SEO plugin v23.4 - https:\/\/yoast.com\/wordpress\/plugins\/seo\/ -->\n<title>CHANCA PIEDRA - Premier Natural Wellness Center<\/title>\n<meta name=\"description\" content=\"CHANCA PIEDRA : Explore a curated selection of premium products that elevate your lifestyle \u2013 quality, innovation, and style in every choice.\" \/>\n<meta name=\"robots\" content=\"index, follow, max-snippet:-1, max-image-preview:large, max-video-preview:-1\" \/>\n<link rel=\"canonical\" href=\"https:\/\/premiernaturalwellness.center\/es\/product\/chanca-piedra\/\" \/>\n<meta property=\"og:locale\" content=\"es_ES\" \/>\n<meta property=\"og:type\" content=\"article\" \/>\n<meta property=\"og:title\" content=\"CHANCA PIEDRA - Premier Natural Wellness Center\" \/>\n<meta property=\"og:description\" content=\"CHANCA PIEDRA : Explore a curated selection of premium products that elevate your lifestyle \u2013 quality, innovation, and style in every choice.\" \/>\n<meta property=\"og:url\" content=\"https:\/\/premiernaturalwellness.center\/es\/product\/chanca-piedra\/\" \/>\n<meta property=\"og:site_name\" content=\"Premier Natural Wellness Center\" \/>\n<meta property=\"article:modified_time\" content=\"2024-03-01T21:33:34+00:00\" \/>\n<meta property=\"og:image\" content=\"https:\/\/premiernaturalwellness.center\/wp-content\/uploads\/2024\/01\/chancapiedra-front-front-1.jpg\" \/>\n\t<meta property=\"og:image:width\" content=\"1128\" \/>\n\t<meta property=\"og:image:height\" content=\"1120\" \/>\n\t<meta property=\"og:image:type\" content=\"image\/jpeg\" \/>\n<meta name=\"twitter:card\" content=\"summary_large_image\" \/>\n<meta name=\"twitter:label1\" content=\"Est. reading time\" \/>\n\t<meta name=\"twitter:data1\" content=\"2 minutos\" \/>\n<script type=\"application\/ld+json\" class=\"yoast-schema-graph\">{\"@context\":\"https:\/\/schema.org\",\"@graph\":[{\"@type\":\"WebPage\",\"@id\":\"https:\/\/premiernaturalwellness.center\/product\/chanca-piedra\/\",\"url\":\"https:\/\/premiernaturalwellness.center\/product\/chanca-piedra\/\",\"name\":\"CHANCA PIEDRA - Premier Natural Wellness Center\",\"isPartOf\":{\"@id\":\"https:\/\/premiernaturalwellness.center\/es\/#website\"},\"primaryImageOfPage\":{\"@id\":\"https:\/\/premiernaturalwellness.center\/product\/chanca-piedra\/#primaryimage\"},\"image\":{\"@id\":\"https:\/\/premiernaturalwellness.center\/product\/chanca-piedra\/#primaryimage\"},\"thumbnailUrl\":\"https:\/\/premiernaturalwellness.center\/wp-content\/uploads\/2024\/01\/chancapiedra-front-front-1.jpg\",\"datePublished\":\"2024-01-17T20:54:06+00:00\",\"dateModified\":\"2024-03-01T21:33:34+00:00\",\"description\":\"CHANCA PIEDRA : Explore a curated selection of premium products that elevate your lifestyle \u2013 quality, innovation, and style in every choice.\",\"breadcrumb\":{\"@id\":\"https:\/\/premiernaturalwellness.center\/product\/chanca-piedra\/#breadcrumb\"},\"inLanguage\":\"es\",\"potentialAction\":[{\"@type\":\"ReadAction\",\"target\":[\"https:\/\/premiernaturalwellness.center\/product\/chanca-piedra\/\"]}]},{\"@type\":\"ImageObject\",\"inLanguage\":\"es\",\"@id\":\"https:\/\/premiernaturalwellness.center\/product\/chanca-piedra\/#primaryimage\",\"url\":\"https:\/\/premiernaturalwellness.center\/wp-content\/uploads\/2024\/01\/chancapiedra-front-front-1.jpg\",\"contentUrl\":\"https:\/\/premiernaturalwellness.center\/wp-content\/uploads\/2024\/01\/chancapiedra-front-front-1.jpg\",\"width\":1128,\"height\":1120,\"caption\":\"chancapiedra Front White BG\"},{\"@type\":\"BreadcrumbList\",\"@id\":\"https:\/\/premiernaturalwellness.center\/product\/chanca-piedra\/#breadcrumb\",\"itemListElement\":[{\"@type\":\"ListItem\",\"position\":1,\"name\":\"Home\",\"item\":\"https:\/\/premiernaturalwellness.center\/es\/\"},{\"@type\":\"ListItem\",\"position\":2,\"name\":\"Products\",\"item\":\"https:\/\/premiernaturalwellness.center\/es\/products\/\"},{\"@type\":\"ListItem\",\"position\":3,\"name\":\"CHANCA PIEDRA\"}]},{\"@type\":\"WebSite\",\"@id\":\"https:\/\/premiernaturalwellness.center\/es\/#website\",\"url\":\"https:\/\/premiernaturalwellness.center\/es\/\",\"name\":\"Premier Natural Wellness Center\",\"description\":\"\",\"publisher\":{\"@id\":\"https:\/\/premiernaturalwellness.center\/es\/#organization\"},\"potentialAction\":[{\"@type\":\"SearchAction\",\"target\":{\"@type\":\"EntryPoint\",\"urlTemplate\":\"https:\/\/premiernaturalwellness.center\/es\/?s={search_term_string}\"},\"query-input\":{\"@type\":\"PropertyValueSpecification\",\"valueRequired\":true,\"valueName\":\"search_term_string\"}}],\"inLanguage\":\"es\"},{\"@type\":\"Organization\",\"@id\":\"https:\/\/premiernaturalwellness.center\/es\/#organization\",\"name\":\"Premier Natural Wellness Center\",\"url\":\"https:\/\/premiernaturalwellness.center\/es\/\",\"logo\":{\"@type\":\"ImageObject\",\"inLanguage\":\"es\",\"@id\":\"https:\/\/premiernaturalwellness.center\/es\/#\/schema\/logo\/image\/\",\"url\":\"https:\/\/premiernaturalwellness.center\/wp-content\/uploads\/2024\/01\/cropped-PremierLogo-1.png-2.webp\",\"contentUrl\":\"https:\/\/premiernaturalwellness.center\/wp-content\/uploads\/2024\/01\/cropped-PremierLogo-1.png-2.webp\",\"width\":230,\"height\":61,\"caption\":\"Premier Natural Wellness Center\"},\"image\":{\"@id\":\"https:\/\/premiernaturalwellness.center\/es\/#\/schema\/logo\/image\/\"}}]}<\/script>\n<!-- \/ Yoast SEO plugin. -->","yoast_head_json":{"title":"CHANCA PIEDRA - Premier Natural Wellness Center","description":"CHANCA PIEDRA : Explore a curated selection of premium products that elevate your lifestyle \u2013 quality, innovation, and style in every choice.","robots":{"index":"index","follow":"follow","max-snippet":"max-snippet:-1","max-image-preview":"max-image-preview:large","max-video-preview":"max-video-preview:-1"},"canonical":"https:\/\/premiernaturalwellness.center\/es\/product\/chanca-piedra\/","og_locale":"es_ES","og_type":"article","og_title":"CHANCA PIEDRA - Premier Natural Wellness Center","og_description":"CHANCA PIEDRA : Explore a curated selection of premium products that elevate your lifestyle \u2013 quality, innovation, and style in every choice.","og_url":"https:\/\/premiernaturalwellness.center\/es\/product\/chanca-piedra\/","og_site_name":"Premier Natural Wellness Center","article_modified_time":"2024-03-01T21:33:34+00:00","og_image":[{"width":1128,"height":1120,"url":"https:\/\/premiernaturalwellness.center\/wp-content\/uploads\/2024\/01\/chancapiedra-front-front-1.jpg","type":"image\/jpeg"}],"twitter_card":"summary_large_image","twitter_misc":{"Est. reading time":"2 minutos"},"schema":{"@context":"https:\/\/schema.org","@graph":[{"@type":"WebPage","@id":"https:\/\/premiernaturalwellness.center\/product\/chanca-piedra\/","url":"https:\/\/premiernaturalwellness.center\/product\/chanca-piedra\/","name":"CHANCA PIEDRA - Premier Natural Wellness Center","isPartOf":{"@id":"https:\/\/premiernaturalwellness.center\/es\/#website"},"primaryImageOfPage":{"@id":"https:\/\/premiernaturalwellness.center\/product\/chanca-piedra\/#primaryimage"},"image":{"@id":"https:\/\/premiernaturalwellness.center\/product\/chanca-piedra\/#primaryimage"},"thumbnailUrl":"https:\/\/premiernaturalwellness.center\/wp-content\/uploads\/2024\/01\/chancapiedra-front-front-1.jpg","datePublished":"2024-01-17T20:54:06+00:00","dateModified":"2024-03-01T21:33:34+00:00","description":"CHANCA PIEDRA : Explore a curated selection of premium products that elevate your lifestyle \u2013 quality, innovation, and style in every choice.","breadcrumb":{"@id":"https:\/\/premiernaturalwellness.center\/product\/chanca-piedra\/#breadcrumb"},"inLanguage":"es","potentialAction":[{"@type":"ReadAction","target":["https:\/\/premiernaturalwellness.center\/product\/chanca-piedra\/"]}]},{"@type":"ImageObject","inLanguage":"es","@id":"https:\/\/premiernaturalwellness.center\/product\/chanca-piedra\/#primaryimage","url":"https:\/\/premiernaturalwellness.center\/wp-content\/uploads\/2024\/01\/chancapiedra-front-front-1.jpg","contentUrl":"https:\/\/premiernaturalwellness.center\/wp-content\/uploads\/2024\/01\/chancapiedra-front-front-1.jpg","width":1128,"height":1120,"caption":"chancapiedra Front White BG"},{"@type":"BreadcrumbList","@id":"https:\/\/premiernaturalwellness.center\/product\/chanca-piedra\/#breadcrumb","itemListElement":[{"@type":"ListItem","position":1,"name":"Home","item":"https:\/\/premiernaturalwellness.center\/es\/"},{"@type":"ListItem","position":2,"name":"Products","item":"https:\/\/premiernaturalwellness.center\/es\/products\/"},{"@type":"ListItem","position":3,"name":"CHANCA PIEDRA"}]},{"@type":"WebSite","@id":"https:\/\/premiernaturalwellness.center\/es\/#website","url":"https:\/\/premiernaturalwellness.center\/es\/","name":"Premier Natural Wellness Center","description":"","publisher":{"@id":"https:\/\/premiernaturalwellness.center\/es\/#organization"},"potentialAction":[{"@type":"SearchAction","target":{"@type":"EntryPoint","urlTemplate":"https:\/\/premiernaturalwellness.center\/es\/?s={search_term_string}"},"query-input":{"@type":"PropertyValueSpecification","valueRequired":true,"valueName":"search_term_string"}}],"inLanguage":"es"},{"@type":"Organization","@id":"https:\/\/premiernaturalwellness.center\/es\/#organization","name":"Premier Natural Wellness Center","url":"https:\/\/premiernaturalwellness.center\/es\/","logo":{"@type":"ImageObject","inLanguage":"es","@id":"https:\/\/premiernaturalwellness.center\/es\/#\/schema\/logo\/image\/","url":"https:\/\/premiernaturalwellness.center\/wp-content\/uploads\/2024\/01\/cropped-PremierLogo-1.png-2.webp","contentUrl":"https:\/\/premiernaturalwellness.center\/wp-content\/uploads\/2024\/01\/cropped-PremierLogo-1.png-2.webp","width":230,"height":61,"caption":"Premier Natural Wellness Center"},"image":{"@id":"https:\/\/premiernaturalwellness.center\/es\/#\/schema\/logo\/image\/"}}]}},"_links":{"self":[{"href":"https:\/\/premiernaturalwellness.center\/es\/wp-json\/wp\/v2\/product\/1347"}],"collection":[{"href":"https:\/\/premiernaturalwellness.center\/es\/wp-json\/wp\/v2\/product"}],"about":[{"href":"https:\/\/premiernaturalwellness.center\/es\/wp-json\/wp\/v2\/types\/product"}],"version-history":[{"count":9,"href":"https:\/\/premiernaturalwellness.center\/es\/wp-json\/wp\/v2\/product\/1347\/revisions"}],"predecessor-version":[{"id":2595,"href":"https:\/\/premiernaturalwellness.center\/es\/wp-json\/wp\/v2\/product\/1347\/revisions\/2595"}],"wp:featuredmedia":[{"embeddable":true,"href":"https:\/\/premiernaturalwellness.center\/es\/wp-json\/wp\/v2\/media\/1428"}],"wp:attachment":[{"href":"https:\/\/premiernaturalwellness.center\/es\/wp-json\/wp\/v2\/media?parent=1347"}],"wp:term":[{"taxonomy":"product_cat","embeddable":true,"href":"https:\/\/premiernaturalwellness.center\/es\/wp-json\/wp\/v2\/product_cat?post=1347"},{"taxonomy":"product_tag","embeddable":true,"href":"https:\/\/premiernaturalwellness.center\/es\/wp-json\/wp\/v2\/product_tag?post=1347"}],"curies":[{"name":"wp","href":"https:\/\/api.w.org\/{rel}","templated":true}]}}