{"id":1310,"date":"2024-01-17T16:30:42","date_gmt":"2024-01-17T16:30:42","guid":{"rendered":"https:\/\/premiernaturalwellness.center\/?post_type=product&#038;p=1310"},"modified":"2024-03-01T21:34:50","modified_gmt":"2024-03-01T21:34:50","slug":"coenzyme-q10","status":"publish","type":"product","link":"https:\/\/premiernaturalwellness.center\/es\/product\/coenzyme-q10\/","title":{"rendered":"CoEnzyme Q10"},"content":{"rendered":"<div data-elementor-type=\"wp-post\" data-elementor-id=\"1310\" class=\"elementor elementor-1310\">\n\t\t\t\t<div class=\"elementor-element elementor-element-478748ae e-flex e-con-boxed e-con e-parent\" data-id=\"478748ae\" data-element_type=\"container\">\n\t\t\t\t\t<div class=\"e-con-inner\">\n\t\t\t\t<div class=\"elementor-element elementor-element-7b656bbc elementor-widget elementor-widget-text-editor\" data-id=\"7b656bbc\" data-element_type=\"widget\" data-widget_type=\"text-editor.default\">\n\t\t\t\t<div class=\"elementor-widget-container\">\n\t\t\t\t\t\t\t\t\tLa CoQ10 es esencial para la producci\u00f3n de energ\u00eda celular, ayudando al crecimiento y mantenimiento celular. Tambi\u00e9n act\u00faa como un antioxidante eficaz, protegiendo las c\u00e9lulas del da\u00f1o causado por los radicales libres. Especialmente \u00fatil para las personas con diabetes, la CoQ10 tambi\u00e9n puede ayudar a reducir el colesterol de lipoprote\u00ednas de baja densidad (LDL) y los niveles generales de colesterol, reduciendo as\u00ed el riesgo de enfermedad coronaria. Esto lo convierte en un complemento muy recomendable en los centros de bienestar, centrados en los centrados en la salud del coraz\u00f3n y el bienestar celular universal.\t\t\t\t\t\t\t\t<\/div>\n\t\t\t\t<\/div>\n\t\t\t\t\t<\/div>\n\t\t\t\t<\/div>\n\t\t\t\t<section class=\"elementor-section elementor-top-section elementor-element elementor-element-2514fa51 elementor-section-boxed elementor-section-height-default elementor-section-height-default\" data-id=\"2514fa51\" data-element_type=\"section\">\n\t\t\t\t\t\t<div class=\"elementor-container elementor-column-gap-default\">\n\t\t\t\t\t<div class=\"elementor-column elementor-col-100 elementor-top-column elementor-element elementor-element-7e989a79\" data-id=\"7e989a79\" data-element_type=\"column\">\n\t\t\t<div class=\"elementor-widget-wrap elementor-element-populated\">\n\t\t\t\t\t\t<div class=\"elementor-element elementor-element-57eccf40 elementor-widget elementor-widget-heading\" data-id=\"57eccf40\" data-element_type=\"widget\" data-widget_type=\"heading.default\">\n\t\t\t\t<div class=\"elementor-widget-container\">\n\t\t\t\t\t<h3 class=\"elementor-heading-title elementor-size-default\">Ahora disponible en Puerto Rico.<\/h3>\t\t\t\t<\/div>\n\t\t\t\t<\/div>\n\t\t\t\t<div class=\"elementor-element elementor-element-49a95a5 elementor-widget elementor-widget-video\" data-id=\"49a95a5\" data-element_type=\"widget\" data-settings=\"{&quot;youtube_url&quot;:&quot;https:\\\/\\\/youtu.be\\\/-ujbM8O94kk&quot;,&quot;loop&quot;:&quot;yes&quot;,&quot;modestbranding&quot;:&quot;yes&quot;,&quot;video_type&quot;:&quot;youtube&quot;,&quot;controls&quot;:&quot;yes&quot;}\" data-widget_type=\"video.default\">\n\t\t\t\t<div class=\"elementor-widget-container\">\n\t\t\t\t\t\t\t<div class=\"elementor-wrapper elementor-open-inline\">\n\t\t\t<div class=\"elementor-video\"><\/div>\t\t<\/div>\n\t\t\t\t\t\t<\/div>\n\t\t\t\t<\/div>\n\t\t\t\t<div class=\"elementor-element elementor-element-768246e4 elementor-widget elementor-widget-spacer\" data-id=\"768246e4\" data-element_type=\"widget\" data-widget_type=\"spacer.default\">\n\t\t\t\t<div class=\"elementor-widget-container\">\n\t\t\t\t\t\t\t<div class=\"elementor-spacer\">\n\t\t\t<div class=\"elementor-spacer-inner\"><\/div>\n\t\t<\/div>\n\t\t\t\t\t\t<\/div>\n\t\t\t\t<\/div>\n\t\t\t\t<div class=\"elementor-element elementor-element-37d3861b elementor-widget elementor-widget-heading\" data-id=\"37d3861b\" data-element_type=\"widget\" data-widget_type=\"heading.default\">\n\t\t\t\t<div class=\"elementor-widget-container\">\n\t\t\t\t\t<h3 class=\"elementor-heading-title elementor-size-default\">Voces de Bienestar <\/h3>\t\t\t\t<\/div>\n\t\t\t\t<\/div>\n\t\t\t\t<div class=\"elementor-element elementor-element-eb2b4f0 elementor-widget elementor-widget-testimonial\" data-id=\"eb2b4f0\" data-element_type=\"widget\" data-widget_type=\"testimonial.default\">\n\t\t\t\t<div class=\"elementor-widget-container\">\n\t\t\t\t\t\t\t<div class=\"elementor-testimonial-wrapper\">\n\t\t\t\t\t\t\t<div class=\"elementor-testimonial-content\">Mi nombre es Nitza L\u00f3pez, en b\u00fasqueda de mi mejor calidad para mi salud y la de mi esposo Federico L\u00f3pez me recomendaron un Premier Natural Wellness Center. Hemos usado de ellos varios de sus servicios, entre ellos: los sueros , las multivitaminas, variedad de teses naturales, todos excelent\u00edsimos. Tambi\u00e9n he tenido consultas con la Naturapata, Lcda. Ver\u00f3nica Ortiz, quien ha sido de gran ayuda en mi proceso de salud f\u00edsica y emocional, la recomiendo totalmente. Adem\u00e1s cuentan con un personal espectacular, nos han tratado como familia. <\/div>\n\t\t\t\n\t\t\t\t\t\t<div class=\"elementor-testimonial-meta\">\n\t\t\t\t<div class=\"elementor-testimonial-meta-inner\">\n\t\t\t\t\t\n\t\t\t\t\t\t\t\t\t\t<div class=\"elementor-testimonial-details\">\n\t\t\t\t\t\t\t\t\t\t\t\t\t\t<div class=\"elementor-testimonial-name\">Los recomiendo 100 % todos los servicios.<\/div>\n\t\t\t\t\t\t\t\t\t\t\t\t\t\t\t\t\t\t\t<\/div>\n\t\t\t\t\t\t\t\t\t<\/div>\n\t\t\t<\/div>\n\t\t\t\t\t<\/div>\n\t\t\t\t\t\t<\/div>\n\t\t\t\t<\/div>\n\t\t\t\t\t<\/div>\n\t\t<\/div>\n\t\t\t\t\t<\/div>\n\t\t<\/section>\n\t\t\t\t<\/div>","protected":false},"excerpt":{"rendered":"<p>Las c\u00e9lulas del cuerpo utilizan la CoQ10 para producir la energ\u00eda necesaria para que las c\u00e9lulas crezcan y se mantengan saludables. El cuerpo tambi\u00e9n utiliza CoQ10 como antioxidante. Un antioxidante protege las c\u00e9lulas de sustancias qu\u00edmicas llamadas radicales libres. La CoQ10 puede ayudar a reducir el colesterol de lipoprote\u00ednas de baja densidad (LDL) y los niveles de colesterol total en personas con diabetes, reduciendo el riesgo de enfermedad card\u00edaca.<\/p>","protected":false},"featured_media":1433,"template":"","meta":[],"product_cat":[163,116,99,164,109],"product_tag":[165],"yoast_head":"<!-- This site is optimized with the Yoast SEO plugin v23.4 - https:\/\/yoast.com\/wordpress\/plugins\/seo\/ -->\n<title>CoEnzyme Q10 - Premier Natural Wellness Center<\/title>\n<meta name=\"description\" content=\"CoEnzyme Q10 : Explore a curated selection of premium products that elevate your lifestyle \u2013 quality, innovation, and style in every choice.\" \/>\n<meta name=\"robots\" content=\"index, follow, max-snippet:-1, max-image-preview:large, max-video-preview:-1\" \/>\n<link rel=\"canonical\" href=\"https:\/\/premiernaturalwellness.center\/es\/product\/coenzyme-q10\/\" \/>\n<meta property=\"og:locale\" content=\"es_ES\" \/>\n<meta property=\"og:type\" content=\"article\" \/>\n<meta property=\"og:title\" content=\"CoEnzyme Q10 - Premier Natural Wellness Center\" \/>\n<meta property=\"og:description\" content=\"CoEnzyme Q10 : Explore a curated selection of premium products that elevate your lifestyle \u2013 quality, innovation, and style in every choice.\" \/>\n<meta property=\"og:url\" content=\"https:\/\/premiernaturalwellness.center\/es\/product\/coenzyme-q10\/\" \/>\n<meta property=\"og:site_name\" content=\"Premier Natural Wellness Center\" \/>\n<meta property=\"article:modified_time\" content=\"2024-03-01T21:34:50+00:00\" \/>\n<meta property=\"og:image\" content=\"https:\/\/premiernaturalwellness.center\/wp-content\/uploads\/2024\/01\/coenzyme-nutraq10-front-1.jpg\" \/>\n\t<meta property=\"og:image:width\" content=\"1128\" \/>\n\t<meta property=\"og:image:height\" content=\"1120\" \/>\n\t<meta property=\"og:image:type\" content=\"image\/jpeg\" \/>\n<meta name=\"twitter:card\" content=\"summary_large_image\" \/>\n<meta name=\"twitter:label1\" content=\"Est. reading time\" \/>\n\t<meta name=\"twitter:data1\" content=\"1 minuto\" \/>\n<script type=\"application\/ld+json\" class=\"yoast-schema-graph\">{\"@context\":\"https:\/\/schema.org\",\"@graph\":[{\"@type\":\"WebPage\",\"@id\":\"https:\/\/premiernaturalwellness.center\/es\/product\/coenzyme-q10\/\",\"url\":\"https:\/\/premiernaturalwellness.center\/es\/product\/coenzyme-q10\/\",\"name\":\"CoEnzyme Q10 - Premier Natural Wellness Center\",\"isPartOf\":{\"@id\":\"https:\/\/premiernaturalwellness.center\/es\/#website\"},\"primaryImageOfPage\":{\"@id\":\"https:\/\/premiernaturalwellness.center\/es\/product\/coenzyme-q10\/#primaryimage\"},\"image\":{\"@id\":\"https:\/\/premiernaturalwellness.center\/es\/product\/coenzyme-q10\/#primaryimage\"},\"thumbnailUrl\":\"https:\/\/premiernaturalwellness.center\/wp-content\/uploads\/2024\/01\/coenzyme-nutraq10-front-1.jpg\",\"datePublished\":\"2024-01-17T16:30:42+00:00\",\"dateModified\":\"2024-03-01T21:34:50+00:00\",\"description\":\"CoEnzyme Q10 : Explore a curated selection of premium products that elevate your lifestyle \u2013 quality, innovation, and style in every choice.\",\"breadcrumb\":{\"@id\":\"https:\/\/premiernaturalwellness.center\/es\/product\/coenzyme-q10\/#breadcrumb\"},\"inLanguage\":\"es\",\"potentialAction\":[{\"@type\":\"ReadAction\",\"target\":[\"https:\/\/premiernaturalwellness.center\/es\/product\/coenzyme-q10\/\"]}]},{\"@type\":\"ImageObject\",\"inLanguage\":\"es\",\"@id\":\"https:\/\/premiernaturalwellness.center\/es\/product\/coenzyme-q10\/#primaryimage\",\"url\":\"https:\/\/premiernaturalwellness.center\/wp-content\/uploads\/2024\/01\/coenzyme-nutraq10-front-1.jpg\",\"contentUrl\":\"https:\/\/premiernaturalwellness.center\/wp-content\/uploads\/2024\/01\/coenzyme-nutraq10-front-1.jpg\",\"width\":1128,\"height\":1120,\"caption\":\"coenzyme nutraq10 front White BG\"},{\"@type\":\"BreadcrumbList\",\"@id\":\"https:\/\/premiernaturalwellness.center\/es\/product\/coenzyme-q10\/#breadcrumb\",\"itemListElement\":[{\"@type\":\"ListItem\",\"position\":1,\"name\":\"Home\",\"item\":\"https:\/\/premiernaturalwellness.center\/es\/\"},{\"@type\":\"ListItem\",\"position\":2,\"name\":\"Products\",\"item\":\"https:\/\/premiernaturalwellness.center\/es\/products\/\"},{\"@type\":\"ListItem\",\"position\":3,\"name\":\"CoEnzyme Q10\"}]},{\"@type\":\"WebSite\",\"@id\":\"https:\/\/premiernaturalwellness.center\/es\/#website\",\"url\":\"https:\/\/premiernaturalwellness.center\/es\/\",\"name\":\"Premier Natural Wellness Center\",\"description\":\"\",\"publisher\":{\"@id\":\"https:\/\/premiernaturalwellness.center\/es\/#organization\"},\"potentialAction\":[{\"@type\":\"SearchAction\",\"target\":{\"@type\":\"EntryPoint\",\"urlTemplate\":\"https:\/\/premiernaturalwellness.center\/es\/?s={search_term_string}\"},\"query-input\":{\"@type\":\"PropertyValueSpecification\",\"valueRequired\":true,\"valueName\":\"search_term_string\"}}],\"inLanguage\":\"es\"},{\"@type\":\"Organization\",\"@id\":\"https:\/\/premiernaturalwellness.center\/es\/#organization\",\"name\":\"Premier Natural Wellness Center\",\"url\":\"https:\/\/premiernaturalwellness.center\/es\/\",\"logo\":{\"@type\":\"ImageObject\",\"inLanguage\":\"es\",\"@id\":\"https:\/\/premiernaturalwellness.center\/es\/#\/schema\/logo\/image\/\",\"url\":\"https:\/\/premiernaturalwellness.center\/wp-content\/uploads\/2024\/01\/cropped-PremierLogo-1.png-2.webp\",\"contentUrl\":\"https:\/\/premiernaturalwellness.center\/wp-content\/uploads\/2024\/01\/cropped-PremierLogo-1.png-2.webp\",\"width\":230,\"height\":61,\"caption\":\"Premier Natural Wellness Center\"},\"image\":{\"@id\":\"https:\/\/premiernaturalwellness.center\/es\/#\/schema\/logo\/image\/\"}}]}<\/script>\n<!-- \/ Yoast SEO plugin. -->","yoast_head_json":{"title":"CoEnzyme Q10 - Premier Natural Wellness Center","description":"CoEnzyme Q10 : Explore a curated selection of premium products that elevate your lifestyle \u2013 quality, innovation, and style in every choice.","robots":{"index":"index","follow":"follow","max-snippet":"max-snippet:-1","max-image-preview":"max-image-preview:large","max-video-preview":"max-video-preview:-1"},"canonical":"https:\/\/premiernaturalwellness.center\/es\/product\/coenzyme-q10\/","og_locale":"es_ES","og_type":"article","og_title":"CoEnzyme Q10 - Premier Natural Wellness Center","og_description":"CoEnzyme Q10 : Explore a curated selection of premium products that elevate your lifestyle \u2013 quality, innovation, and style in every choice.","og_url":"https:\/\/premiernaturalwellness.center\/es\/product\/coenzyme-q10\/","og_site_name":"Premier Natural Wellness Center","article_modified_time":"2024-03-01T21:34:50+00:00","og_image":[{"width":1128,"height":1120,"url":"https:\/\/premiernaturalwellness.center\/wp-content\/uploads\/2024\/01\/coenzyme-nutraq10-front-1.jpg","type":"image\/jpeg"}],"twitter_card":"summary_large_image","twitter_misc":{"Est. reading time":"1 minuto"},"schema":{"@context":"https:\/\/schema.org","@graph":[{"@type":"WebPage","@id":"https:\/\/premiernaturalwellness.center\/es\/product\/coenzyme-q10\/","url":"https:\/\/premiernaturalwellness.center\/es\/product\/coenzyme-q10\/","name":"CoEnzyme Q10 - Premier Natural Wellness Center","isPartOf":{"@id":"https:\/\/premiernaturalwellness.center\/es\/#website"},"primaryImageOfPage":{"@id":"https:\/\/premiernaturalwellness.center\/es\/product\/coenzyme-q10\/#primaryimage"},"image":{"@id":"https:\/\/premiernaturalwellness.center\/es\/product\/coenzyme-q10\/#primaryimage"},"thumbnailUrl":"https:\/\/premiernaturalwellness.center\/wp-content\/uploads\/2024\/01\/coenzyme-nutraq10-front-1.jpg","datePublished":"2024-01-17T16:30:42+00:00","dateModified":"2024-03-01T21:34:50+00:00","description":"CoEnzyme Q10 : Explore a curated selection of premium products that elevate your lifestyle \u2013 quality, innovation, and style in every choice.","breadcrumb":{"@id":"https:\/\/premiernaturalwellness.center\/es\/product\/coenzyme-q10\/#breadcrumb"},"inLanguage":"es","potentialAction":[{"@type":"ReadAction","target":["https:\/\/premiernaturalwellness.center\/es\/product\/coenzyme-q10\/"]}]},{"@type":"ImageObject","inLanguage":"es","@id":"https:\/\/premiernaturalwellness.center\/es\/product\/coenzyme-q10\/#primaryimage","url":"https:\/\/premiernaturalwellness.center\/wp-content\/uploads\/2024\/01\/coenzyme-nutraq10-front-1.jpg","contentUrl":"https:\/\/premiernaturalwellness.center\/wp-content\/uploads\/2024\/01\/coenzyme-nutraq10-front-1.jpg","width":1128,"height":1120,"caption":"coenzyme nutraq10 front White BG"},{"@type":"BreadcrumbList","@id":"https:\/\/premiernaturalwellness.center\/es\/product\/coenzyme-q10\/#breadcrumb","itemListElement":[{"@type":"ListItem","position":1,"name":"Home","item":"https:\/\/premiernaturalwellness.center\/es\/"},{"@type":"ListItem","position":2,"name":"Products","item":"https:\/\/premiernaturalwellness.center\/es\/products\/"},{"@type":"ListItem","position":3,"name":"CoEnzyme Q10"}]},{"@type":"WebSite","@id":"https:\/\/premiernaturalwellness.center\/es\/#website","url":"https:\/\/premiernaturalwellness.center\/es\/","name":"Premier Natural Wellness Center","description":"","publisher":{"@id":"https:\/\/premiernaturalwellness.center\/es\/#organization"},"potentialAction":[{"@type":"SearchAction","target":{"@type":"EntryPoint","urlTemplate":"https:\/\/premiernaturalwellness.center\/es\/?s={search_term_string}"},"query-input":{"@type":"PropertyValueSpecification","valueRequired":true,"valueName":"search_term_string"}}],"inLanguage":"es"},{"@type":"Organization","@id":"https:\/\/premiernaturalwellness.center\/es\/#organization","name":"Premier Natural Wellness Center","url":"https:\/\/premiernaturalwellness.center\/es\/","logo":{"@type":"ImageObject","inLanguage":"es","@id":"https:\/\/premiernaturalwellness.center\/es\/#\/schema\/logo\/image\/","url":"https:\/\/premiernaturalwellness.center\/wp-content\/uploads\/2024\/01\/cropped-PremierLogo-1.png-2.webp","contentUrl":"https:\/\/premiernaturalwellness.center\/wp-content\/uploads\/2024\/01\/cropped-PremierLogo-1.png-2.webp","width":230,"height":61,"caption":"Premier Natural Wellness Center"},"image":{"@id":"https:\/\/premiernaturalwellness.center\/es\/#\/schema\/logo\/image\/"}}]}},"_links":{"self":[{"href":"https:\/\/premiernaturalwellness.center\/es\/wp-json\/wp\/v2\/product\/1310"}],"collection":[{"href":"https:\/\/premiernaturalwellness.center\/es\/wp-json\/wp\/v2\/product"}],"about":[{"href":"https:\/\/premiernaturalwellness.center\/es\/wp-json\/wp\/v2\/types\/product"}],"version-history":[{"count":9,"href":"https:\/\/premiernaturalwellness.center\/es\/wp-json\/wp\/v2\/product\/1310\/revisions"}],"predecessor-version":[{"id":2603,"href":"https:\/\/premiernaturalwellness.center\/es\/wp-json\/wp\/v2\/product\/1310\/revisions\/2603"}],"wp:featuredmedia":[{"embeddable":true,"href":"https:\/\/premiernaturalwellness.center\/es\/wp-json\/wp\/v2\/media\/1433"}],"wp:attachment":[{"href":"https:\/\/premiernaturalwellness.center\/es\/wp-json\/wp\/v2\/media?parent=1310"}],"wp:term":[{"taxonomy":"product_cat","embeddable":true,"href":"https:\/\/premiernaturalwellness.center\/es\/wp-json\/wp\/v2\/product_cat?post=1310"},{"taxonomy":"product_tag","embeddable":true,"href":"https:\/\/premiernaturalwellness.center\/es\/wp-json\/wp\/v2\/product_tag?post=1310"}],"curies":[{"name":"wp","href":"https:\/\/api.w.org\/{rel}","templated":true}]}}