{"id":1302,"date":"2024-01-17T16:30:22","date_gmt":"2024-01-17T16:30:22","guid":{"rendered":"https:\/\/premiernaturalwellness.center\/?post_type=product&#038;p=1302"},"modified":"2024-03-14T11:05:09","modified_gmt":"2024-03-14T11:05:09","slug":"g-blend","status":"publish","type":"product","link":"https:\/\/premiernaturalwellness.center\/es\/product\/g-blend\/","title":{"rendered":"G BLEND"},"content":{"rendered":"<div data-elementor-type=\"wp-post\" data-elementor-id=\"1302\" class=\"elementor elementor-1302\">\n\t\t\t\t<div class=\"elementor-element elementor-element-24280df e-flex e-con-boxed e-con e-parent\" data-id=\"24280df\" data-element_type=\"container\">\n\t\t\t\t\t<div class=\"e-con-inner\">\n\t\t\t\t<div class=\"elementor-element elementor-element-3fdc5a75 elementor-widget elementor-widget-text-editor\" data-id=\"3fdc5a75\" data-element_type=\"widget\" data-widget_type=\"text-editor.default\">\n\t\t\t\t<div class=\"elementor-widget-container\">\n\t\t\t\t\t\t\t\t\t<p>The superior Premier G Blend, sweetened with monk fruit, incorporates a strong mix of 23 substances. It includes a vegetable mixture of alfalfa, asparagus, broccoli, celery, green peppers, parsley, mint, spearmint, and spinach, improved with moringa leaf powder. For aiding digestion, detoxing, and appetite balance, the blend contains aloe vera, apple cider vinegar, caralluma fimbriata, chlorophyll, holy basil, spirulina, and AFA (Aphanizomenon flos-aquae). Additionally, it contains schisandra, taurine, and vitamin D3, making it a complete complement for well being centers focused on holistic health and vitamins.<\/p>\t\t\t\t\t\t\t\t<\/div>\n\t\t\t\t<\/div>\n\t\t\t\t\t<\/div>\n\t\t\t\t<\/div>\n\t\t\t\t<section class=\"elementor-section elementor-top-section elementor-element elementor-element-10749e60 elementor-section-boxed elementor-section-height-default elementor-section-height-default\" data-id=\"10749e60\" data-element_type=\"section\">\n\t\t\t\t\t\t<div class=\"elementor-container elementor-column-gap-default\">\n\t\t\t\t\t<div class=\"elementor-column elementor-col-100 elementor-top-column elementor-element elementor-element-3c71f44a\" data-id=\"3c71f44a\" data-element_type=\"column\">\n\t\t\t<div class=\"elementor-widget-wrap elementor-element-populated\">\n\t\t\t\t\t\t<div class=\"elementor-element elementor-element-2b4d3025 elementor-widget elementor-widget-heading\" data-id=\"2b4d3025\" data-element_type=\"widget\" data-widget_type=\"heading.default\">\n\t\t\t\t<div class=\"elementor-widget-container\">\n\t\t\t\t\t<h3 class=\"elementor-heading-title elementor-size-default\">Ahora disponible en Puerto Rico.<\/h3>\t\t\t\t<\/div>\n\t\t\t\t<\/div>\n\t\t\t\t<div class=\"elementor-element elementor-element-31be57ca elementor-widget elementor-widget-video\" data-id=\"31be57ca\" data-element_type=\"widget\" data-settings=\"{&quot;youtube_url&quot;:&quot;https:\\\/\\\/youtu.be\\\/-ujbM8O94kk&quot;,&quot;loop&quot;:&quot;yes&quot;,&quot;modestbranding&quot;:&quot;yes&quot;,&quot;video_type&quot;:&quot;youtube&quot;,&quot;controls&quot;:&quot;yes&quot;}\" data-widget_type=\"video.default\">\n\t\t\t\t<div class=\"elementor-widget-container\">\n\t\t\t\t\t\t\t<div class=\"elementor-wrapper elementor-open-inline\">\n\t\t\t<div class=\"elementor-video\"><\/div>\t\t<\/div>\n\t\t\t\t\t\t<\/div>\n\t\t\t\t<\/div>\n\t\t\t\t<div class=\"elementor-element elementor-element-75d1d208 elementor-widget elementor-widget-spacer\" data-id=\"75d1d208\" data-element_type=\"widget\" data-widget_type=\"spacer.default\">\n\t\t\t\t<div class=\"elementor-widget-container\">\n\t\t\t\t\t\t\t<div class=\"elementor-spacer\">\n\t\t\t<div class=\"elementor-spacer-inner\"><\/div>\n\t\t<\/div>\n\t\t\t\t\t\t<\/div>\n\t\t\t\t<\/div>\n\t\t\t\t<div class=\"elementor-element elementor-element-50351067 elementor-widget elementor-widget-heading\" data-id=\"50351067\" data-element_type=\"widget\" data-widget_type=\"heading.default\">\n\t\t\t\t<div class=\"elementor-widget-container\">\n\t\t\t\t\t<h3 class=\"elementor-heading-title elementor-size-default\">Voces de Bienestar <\/h3>\t\t\t\t<\/div>\n\t\t\t\t<\/div>\n\t\t\t\t<div class=\"elementor-element elementor-element-80667cd elementor-widget elementor-widget-testimonial\" data-id=\"80667cd\" data-element_type=\"widget\" data-widget_type=\"testimonial.default\">\n\t\t\t\t<div class=\"elementor-widget-container\">\n\t\t\t\t\t\t\t<div class=\"elementor-testimonial-wrapper\">\n\t\t\t\t\t\t\t<div class=\"elementor-testimonial-content\">Mi nombre es Nitza L\u00f3pez, en b\u00fasqueda de mi mejor calidad para mi salud y la de mi esposo Federico L\u00f3pez me recomendaron un Premier Natural Wellness Center. Hemos usado de ellos varios de sus servicios, entre ellos: los sueros , las multivitaminas, variedad de teses naturales, todos excelent\u00edsimos. Tambi\u00e9n he tenido consultas con la Naturapata, Lcda. Ver\u00f3nica Ortiz, quien ha sido de gran ayuda en mi proceso de salud f\u00edsica y emocional, la recomiendo totalmente. Adem\u00e1s cuentan con un personal espectacular, nos han tratado como familia. <\/div>\n\t\t\t\n\t\t\t\t\t\t<div class=\"elementor-testimonial-meta\">\n\t\t\t\t<div class=\"elementor-testimonial-meta-inner\">\n\t\t\t\t\t\n\t\t\t\t\t\t\t\t\t\t<div class=\"elementor-testimonial-details\">\n\t\t\t\t\t\t\t\t\t\t\t\t\t\t<div class=\"elementor-testimonial-name\">Los recomiendo 100 % todos los servicios.<\/div>\n\t\t\t\t\t\t\t\t\t\t\t\t\t\t\t\t\t\t\t<\/div>\n\t\t\t\t\t\t\t\t\t<\/div>\n\t\t\t<\/div>\n\t\t\t\t\t<\/div>\n\t\t\t\t\t\t<\/div>\n\t\t\t\t<\/div>\n\t\t\t\t\t<\/div>\n\t\t<\/div>\n\t\t\t\t\t<\/div>\n\t\t<\/section>\n\t\t\t\t<\/div>","protected":false},"excerpt":{"rendered":"<p>The advanced Premier G Blend is made with 23 ingredients and sweetened with monk fruit. We have combined 10 vegetables, alfalfa, asparagus, broccoli, celery, green peppers, parsley, mint, spearmint, spinach and enhanced with moringa leaf powder. For digestion, detoxification and appetite balance, we add aloe vera, apple cider vinegar, caramulla fimbriata, chlorophyll, holy basil, spirulina and AFA (Aphanizomenon flos-aquae) along with schisandra, taurine and vitamin D3.<\/p>","protected":false},"featured_media":2718,"template":"","meta":[],"product_cat":[159,113,107],"product_tag":[160],"yoast_head":"<!-- This site is optimized with the Yoast SEO plugin v23.4 - https:\/\/yoast.com\/wordpress\/plugins\/seo\/ -->\n<title>G BLEND - Premier Natural Wellness Center<\/title>\n<meta name=\"description\" content=\"G BLEND : Explore a curated selection of premium products that elevate your lifestyle \u2013 quality, innovation, and style in every choice.\" \/>\n<meta name=\"robots\" content=\"index, follow, max-snippet:-1, max-image-preview:large, max-video-preview:-1\" \/>\n<link rel=\"canonical\" href=\"https:\/\/premiernaturalwellness.center\/es\/product\/g-blend\/\" \/>\n<meta property=\"og:locale\" content=\"es_ES\" \/>\n<meta property=\"og:type\" content=\"article\" \/>\n<meta property=\"og:title\" content=\"G BLEND - Premier Natural Wellness Center\" \/>\n<meta property=\"og:description\" content=\"G BLEND : Explore a curated selection of premium products that elevate your lifestyle \u2013 quality, innovation, and style in every choice.\" \/>\n<meta property=\"og:url\" content=\"https:\/\/premiernaturalwellness.center\/es\/product\/g-blend\/\" \/>\n<meta property=\"og:site_name\" content=\"Premier Natural Wellness Center\" \/>\n<meta property=\"article:modified_time\" content=\"2024-03-14T11:05:09+00:00\" \/>\n<meta property=\"og:image\" content=\"https:\/\/premiernaturalwellness.center\/wp-content\/uploads\/2024\/03\/G-Blend-Front.jpg\" \/>\n\t<meta property=\"og:image:width\" content=\"1128\" \/>\n\t<meta property=\"og:image:height\" content=\"1120\" \/>\n\t<meta property=\"og:image:type\" content=\"image\/jpeg\" \/>\n<meta name=\"twitter:card\" content=\"summary_large_image\" \/>\n<meta name=\"twitter:label1\" content=\"Est. reading time\" \/>\n\t<meta name=\"twitter:data1\" content=\"1 minuto\" \/>\n<script type=\"application\/ld+json\" class=\"yoast-schema-graph\">{\"@context\":\"https:\/\/schema.org\",\"@graph\":[{\"@type\":\"WebPage\",\"@id\":\"https:\/\/premiernaturalwellness.center\/es\/product\/g-blend\/\",\"url\":\"https:\/\/premiernaturalwellness.center\/es\/product\/g-blend\/\",\"name\":\"G BLEND - Premier Natural Wellness Center\",\"isPartOf\":{\"@id\":\"https:\/\/premiernaturalwellness.center\/es\/#website\"},\"primaryImageOfPage\":{\"@id\":\"https:\/\/premiernaturalwellness.center\/es\/product\/g-blend\/#primaryimage\"},\"image\":{\"@id\":\"https:\/\/premiernaturalwellness.center\/es\/product\/g-blend\/#primaryimage\"},\"thumbnailUrl\":\"https:\/\/premiernaturalwellness.center\/wp-content\/uploads\/2024\/03\/G-Blend-Front.jpg\",\"datePublished\":\"2024-01-17T16:30:22+00:00\",\"dateModified\":\"2024-03-14T11:05:09+00:00\",\"description\":\"G BLEND : Explore a curated selection of premium products that elevate your lifestyle \u2013 quality, innovation, and style in every choice.\",\"breadcrumb\":{\"@id\":\"https:\/\/premiernaturalwellness.center\/es\/product\/g-blend\/#breadcrumb\"},\"inLanguage\":\"es\",\"potentialAction\":[{\"@type\":\"ReadAction\",\"target\":[\"https:\/\/premiernaturalwellness.center\/es\/product\/g-blend\/\"]}]},{\"@type\":\"ImageObject\",\"inLanguage\":\"es\",\"@id\":\"https:\/\/premiernaturalwellness.center\/es\/product\/g-blend\/#primaryimage\",\"url\":\"https:\/\/premiernaturalwellness.center\/wp-content\/uploads\/2024\/03\/G-Blend-Front.jpg\",\"contentUrl\":\"https:\/\/premiernaturalwellness.center\/wp-content\/uploads\/2024\/03\/G-Blend-Front.jpg\",\"width\":1128,\"height\":1120},{\"@type\":\"BreadcrumbList\",\"@id\":\"https:\/\/premiernaturalwellness.center\/es\/product\/g-blend\/#breadcrumb\",\"itemListElement\":[{\"@type\":\"ListItem\",\"position\":1,\"name\":\"Home\",\"item\":\"https:\/\/premiernaturalwellness.center\/es\/\"},{\"@type\":\"ListItem\",\"position\":2,\"name\":\"Products\",\"item\":\"https:\/\/premiernaturalwellness.center\/es\/products\/\"},{\"@type\":\"ListItem\",\"position\":3,\"name\":\"G BLEND\"}]},{\"@type\":\"WebSite\",\"@id\":\"https:\/\/premiernaturalwellness.center\/es\/#website\",\"url\":\"https:\/\/premiernaturalwellness.center\/es\/\",\"name\":\"Premier Natural Wellness Center\",\"description\":\"\",\"publisher\":{\"@id\":\"https:\/\/premiernaturalwellness.center\/es\/#organization\"},\"potentialAction\":[{\"@type\":\"SearchAction\",\"target\":{\"@type\":\"EntryPoint\",\"urlTemplate\":\"https:\/\/premiernaturalwellness.center\/es\/?s={search_term_string}\"},\"query-input\":{\"@type\":\"PropertyValueSpecification\",\"valueRequired\":true,\"valueName\":\"search_term_string\"}}],\"inLanguage\":\"es\"},{\"@type\":\"Organization\",\"@id\":\"https:\/\/premiernaturalwellness.center\/es\/#organization\",\"name\":\"Premier Natural Wellness Center\",\"url\":\"https:\/\/premiernaturalwellness.center\/es\/\",\"logo\":{\"@type\":\"ImageObject\",\"inLanguage\":\"es\",\"@id\":\"https:\/\/premiernaturalwellness.center\/es\/#\/schema\/logo\/image\/\",\"url\":\"https:\/\/premiernaturalwellness.center\/wp-content\/uploads\/2024\/01\/cropped-PremierLogo-1.png-2.webp\",\"contentUrl\":\"https:\/\/premiernaturalwellness.center\/wp-content\/uploads\/2024\/01\/cropped-PremierLogo-1.png-2.webp\",\"width\":230,\"height\":61,\"caption\":\"Premier Natural Wellness Center\"},\"image\":{\"@id\":\"https:\/\/premiernaturalwellness.center\/es\/#\/schema\/logo\/image\/\"}}]}<\/script>\n<!-- \/ Yoast SEO plugin. -->","yoast_head_json":{"title":"G BLEND - Premier Natural Wellness Center","description":"G BLEND : Explore a curated selection of premium products that elevate your lifestyle \u2013 quality, innovation, and style in every choice.","robots":{"index":"index","follow":"follow","max-snippet":"max-snippet:-1","max-image-preview":"max-image-preview:large","max-video-preview":"max-video-preview:-1"},"canonical":"https:\/\/premiernaturalwellness.center\/es\/product\/g-blend\/","og_locale":"es_ES","og_type":"article","og_title":"G BLEND - Premier Natural Wellness Center","og_description":"G BLEND : Explore a curated selection of premium products that elevate your lifestyle \u2013 quality, innovation, and style in every choice.","og_url":"https:\/\/premiernaturalwellness.center\/es\/product\/g-blend\/","og_site_name":"Premier Natural Wellness Center","article_modified_time":"2024-03-14T11:05:09+00:00","og_image":[{"width":1128,"height":1120,"url":"https:\/\/premiernaturalwellness.center\/wp-content\/uploads\/2024\/03\/G-Blend-Front.jpg","type":"image\/jpeg"}],"twitter_card":"summary_large_image","twitter_misc":{"Est. reading time":"1 minuto"},"schema":{"@context":"https:\/\/schema.org","@graph":[{"@type":"WebPage","@id":"https:\/\/premiernaturalwellness.center\/es\/product\/g-blend\/","url":"https:\/\/premiernaturalwellness.center\/es\/product\/g-blend\/","name":"G BLEND - Premier Natural Wellness Center","isPartOf":{"@id":"https:\/\/premiernaturalwellness.center\/es\/#website"},"primaryImageOfPage":{"@id":"https:\/\/premiernaturalwellness.center\/es\/product\/g-blend\/#primaryimage"},"image":{"@id":"https:\/\/premiernaturalwellness.center\/es\/product\/g-blend\/#primaryimage"},"thumbnailUrl":"https:\/\/premiernaturalwellness.center\/wp-content\/uploads\/2024\/03\/G-Blend-Front.jpg","datePublished":"2024-01-17T16:30:22+00:00","dateModified":"2024-03-14T11:05:09+00:00","description":"G BLEND : Explore a curated selection of premium products that elevate your lifestyle \u2013 quality, innovation, and style in every choice.","breadcrumb":{"@id":"https:\/\/premiernaturalwellness.center\/es\/product\/g-blend\/#breadcrumb"},"inLanguage":"es","potentialAction":[{"@type":"ReadAction","target":["https:\/\/premiernaturalwellness.center\/es\/product\/g-blend\/"]}]},{"@type":"ImageObject","inLanguage":"es","@id":"https:\/\/premiernaturalwellness.center\/es\/product\/g-blend\/#primaryimage","url":"https:\/\/premiernaturalwellness.center\/wp-content\/uploads\/2024\/03\/G-Blend-Front.jpg","contentUrl":"https:\/\/premiernaturalwellness.center\/wp-content\/uploads\/2024\/03\/G-Blend-Front.jpg","width":1128,"height":1120},{"@type":"BreadcrumbList","@id":"https:\/\/premiernaturalwellness.center\/es\/product\/g-blend\/#breadcrumb","itemListElement":[{"@type":"ListItem","position":1,"name":"Home","item":"https:\/\/premiernaturalwellness.center\/es\/"},{"@type":"ListItem","position":2,"name":"Products","item":"https:\/\/premiernaturalwellness.center\/es\/products\/"},{"@type":"ListItem","position":3,"name":"G BLEND"}]},{"@type":"WebSite","@id":"https:\/\/premiernaturalwellness.center\/es\/#website","url":"https:\/\/premiernaturalwellness.center\/es\/","name":"Premier Natural Wellness Center","description":"","publisher":{"@id":"https:\/\/premiernaturalwellness.center\/es\/#organization"},"potentialAction":[{"@type":"SearchAction","target":{"@type":"EntryPoint","urlTemplate":"https:\/\/premiernaturalwellness.center\/es\/?s={search_term_string}"},"query-input":{"@type":"PropertyValueSpecification","valueRequired":true,"valueName":"search_term_string"}}],"inLanguage":"es"},{"@type":"Organization","@id":"https:\/\/premiernaturalwellness.center\/es\/#organization","name":"Premier Natural Wellness Center","url":"https:\/\/premiernaturalwellness.center\/es\/","logo":{"@type":"ImageObject","inLanguage":"es","@id":"https:\/\/premiernaturalwellness.center\/es\/#\/schema\/logo\/image\/","url":"https:\/\/premiernaturalwellness.center\/wp-content\/uploads\/2024\/01\/cropped-PremierLogo-1.png-2.webp","contentUrl":"https:\/\/premiernaturalwellness.center\/wp-content\/uploads\/2024\/01\/cropped-PremierLogo-1.png-2.webp","width":230,"height":61,"caption":"Premier Natural Wellness Center"},"image":{"@id":"https:\/\/premiernaturalwellness.center\/es\/#\/schema\/logo\/image\/"}}]}},"_links":{"self":[{"href":"https:\/\/premiernaturalwellness.center\/es\/wp-json\/wp\/v2\/product\/1302"}],"collection":[{"href":"https:\/\/premiernaturalwellness.center\/es\/wp-json\/wp\/v2\/product"}],"about":[{"href":"https:\/\/premiernaturalwellness.center\/es\/wp-json\/wp\/v2\/types\/product"}],"version-history":[{"count":11,"href":"https:\/\/premiernaturalwellness.center\/es\/wp-json\/wp\/v2\/product\/1302\/revisions"}],"predecessor-version":[{"id":2721,"href":"https:\/\/premiernaturalwellness.center\/es\/wp-json\/wp\/v2\/product\/1302\/revisions\/2721"}],"wp:featuredmedia":[{"embeddable":true,"href":"https:\/\/premiernaturalwellness.center\/es\/wp-json\/wp\/v2\/media\/2718"}],"wp:attachment":[{"href":"https:\/\/premiernaturalwellness.center\/es\/wp-json\/wp\/v2\/media?parent=1302"}],"wp:term":[{"taxonomy":"product_cat","embeddable":true,"href":"https:\/\/premiernaturalwellness.center\/es\/wp-json\/wp\/v2\/product_cat?post=1302"},{"taxonomy":"product_tag","embeddable":true,"href":"https:\/\/premiernaturalwellness.center\/es\/wp-json\/wp\/v2\/product_tag?post=1302"}],"curies":[{"name":"wp","href":"https:\/\/api.w.org\/{rel}","templated":true}]}}