{"id":1300,"date":"2024-01-17T16:30:22","date_gmt":"2024-01-17T16:30:22","guid":{"rendered":"https:\/\/premiernaturalwellness.center\/?post_type=product&#038;p=1300"},"modified":"2024-03-14T12:00:48","modified_gmt":"2024-03-14T12:00:48","slug":"thyroid-support","status":"publish","type":"product","link":"https:\/\/premiernaturalwellness.center\/es\/product\/thyroid-support\/","title":{"rendered":"THYROID SUPPORT"},"content":{"rendered":"<div data-elementor-type=\"wp-post\" data-elementor-id=\"1300\" class=\"elementor elementor-1300\">\n\t\t\t\t<div class=\"elementor-element elementor-element-18220b16 e-flex e-con-boxed e-con e-parent\" data-id=\"18220b16\" data-element_type=\"container\">\n\t\t\t\t\t<div class=\"e-con-inner\">\n\t\t\t\t<div class=\"elementor-element elementor-element-633936d4 elementor-widget elementor-widget-text-editor\" data-id=\"633936d4\" data-element_type=\"widget\" data-widget_type=\"text-editor.default\">\n\t\t\t\t<div class=\"elementor-widget-container\">\n\t\t\t\t\t\t\t\t\tL-Tyrosine, combined with iodine, paperwork a powerful duo for promoting thyroid health. Tyrosine is an amino acid that serves as a precursor to neurotransmitters regulating mood, fatigue, despair, libido, and tension. When paired with iodine and different substances in Premier Thyroid, it will become a precursor to thyroid hormones, that are essential for metabolism management. This complement is in particular beneficial in well-being centers, targeting individuals in search of to assist thyroid characteristic and overall metabolic health.\t\t\t\t\t\t\t\t<\/div>\n\t\t\t\t<\/div>\n\t\t\t\t\t<\/div>\n\t\t\t\t<\/div>\n\t\t\t\t<section class=\"elementor-section elementor-top-section elementor-element elementor-element-52e4e9b2 elementor-section-boxed elementor-section-height-default elementor-section-height-default\" data-id=\"52e4e9b2\" data-element_type=\"section\">\n\t\t\t\t\t\t<div class=\"elementor-container elementor-column-gap-default\">\n\t\t\t\t\t<div class=\"elementor-column elementor-col-100 elementor-top-column elementor-element elementor-element-4cb8df41\" data-id=\"4cb8df41\" data-element_type=\"column\">\n\t\t\t<div class=\"elementor-widget-wrap elementor-element-populated\">\n\t\t\t\t\t\t<div class=\"elementor-element elementor-element-68786fbb elementor-widget elementor-widget-heading\" data-id=\"68786fbb\" data-element_type=\"widget\" data-widget_type=\"heading.default\">\n\t\t\t\t<div class=\"elementor-widget-container\">\n\t\t\t\t\t<h3 class=\"elementor-heading-title elementor-size-default\">Ahora disponible en Puerto Rico.<\/h3>\t\t\t\t<\/div>\n\t\t\t\t<\/div>\n\t\t\t\t<div class=\"elementor-element elementor-element-18203e5a elementor-widget elementor-widget-video\" data-id=\"18203e5a\" data-element_type=\"widget\" data-settings=\"{&quot;youtube_url&quot;:&quot;https:\\\/\\\/youtu.be\\\/-ujbM8O94kk&quot;,&quot;loop&quot;:&quot;yes&quot;,&quot;modestbranding&quot;:&quot;yes&quot;,&quot;video_type&quot;:&quot;youtube&quot;,&quot;controls&quot;:&quot;yes&quot;}\" data-widget_type=\"video.default\">\n\t\t\t\t<div class=\"elementor-widget-container\">\n\t\t\t\t\t\t\t<div class=\"elementor-wrapper elementor-open-inline\">\n\t\t\t<div class=\"elementor-video\"><\/div>\t\t<\/div>\n\t\t\t\t\t\t<\/div>\n\t\t\t\t<\/div>\n\t\t\t\t<div class=\"elementor-element elementor-element-6d603901 elementor-widget elementor-widget-spacer\" data-id=\"6d603901\" data-element_type=\"widget\" data-widget_type=\"spacer.default\">\n\t\t\t\t<div class=\"elementor-widget-container\">\n\t\t\t\t\t\t\t<div class=\"elementor-spacer\">\n\t\t\t<div class=\"elementor-spacer-inner\"><\/div>\n\t\t<\/div>\n\t\t\t\t\t\t<\/div>\n\t\t\t\t<\/div>\n\t\t\t\t<div class=\"elementor-element elementor-element-2e2bb7e9 elementor-widget elementor-widget-heading\" data-id=\"2e2bb7e9\" data-element_type=\"widget\" data-widget_type=\"heading.default\">\n\t\t\t\t<div class=\"elementor-widget-container\">\n\t\t\t\t\t<h3 class=\"elementor-heading-title elementor-size-default\">Voces de Bienestar <\/h3>\t\t\t\t<\/div>\n\t\t\t\t<\/div>\n\t\t\t\t<div class=\"elementor-element elementor-element-849d10d elementor-widget elementor-widget-testimonial\" data-id=\"849d10d\" data-element_type=\"widget\" data-widget_type=\"testimonial.default\">\n\t\t\t\t<div class=\"elementor-widget-container\">\n\t\t\t\t\t\t\t<div class=\"elementor-testimonial-wrapper\">\n\t\t\t\t\t\t\t<div class=\"elementor-testimonial-content\">Mi nombre es Nitza L\u00f3pez, en b\u00fasqueda de mi mejor calidad para mi salud y la de mi esposo Federico L\u00f3pez me recomendaron un Premier Natural Wellness Center. Hemos usado de ellos varios de sus servicios, entre ellos: los sueros , las multivitaminas, variedad de teses naturales, todos excelent\u00edsimos. Tambi\u00e9n he tenido consultas con la Naturapata, Lcda. Ver\u00f3nica Ortiz, quien ha sido de gran ayuda en mi proceso de salud f\u00edsica y emocional, la recomiendo totalmente. Adem\u00e1s cuentan con un personal espectacular, nos han tratado como familia. <\/div>\n\t\t\t\n\t\t\t\t\t\t<div class=\"elementor-testimonial-meta\">\n\t\t\t\t<div class=\"elementor-testimonial-meta-inner\">\n\t\t\t\t\t\n\t\t\t\t\t\t\t\t\t\t<div class=\"elementor-testimonial-details\">\n\t\t\t\t\t\t\t\t\t\t\t\t\t\t<div class=\"elementor-testimonial-name\">Los recomiendo 100 % todos los servicios.<\/div>\n\t\t\t\t\t\t\t\t\t\t\t\t\t\t\t\t\t\t\t<\/div>\n\t\t\t\t\t\t\t\t\t<\/div>\n\t\t\t<\/div>\n\t\t\t\t\t<\/div>\n\t\t\t\t\t\t<\/div>\n\t\t\t\t<\/div>\n\t\t\t\t\t<\/div>\n\t\t<\/div>\n\t\t\t\t\t<\/div>\n\t\t<\/section>\n\t\t\t\t<\/div>","protected":false},"excerpt":{"rendered":"<p>L-Tyrosine combined with iodine to promote thyroid health. Tyrosine is an amino acid precursor of certain important neurotransmitters that regulate mood, low mood, fatigue, depression, low sexual desire and anxiety; and together with Iodine and the other ingredients contained in Premier Thyroid, it is a precursor of thyroid hormones that are vital for the management of metabolism.<\/p>","protected":false},"featured_media":2727,"template":"","meta":[],"product_cat":[126,127,100],"product_tag":[158],"yoast_head":"<!-- This site is optimized with the Yoast SEO plugin v23.4 - https:\/\/yoast.com\/wordpress\/plugins\/seo\/ -->\n<title>THYROID SUPPORT - Premier Natural Wellness Center<\/title>\n<meta name=\"description\" content=\"THYROID SUPPORT : Explore a curated selection of premium products that elevate your lifestyle \u2013 quality, innovation, and style in every choice.\" \/>\n<meta name=\"robots\" content=\"index, follow, max-snippet:-1, max-image-preview:large, max-video-preview:-1\" \/>\n<link rel=\"canonical\" href=\"https:\/\/premiernaturalwellness.center\/es\/product\/thyroid-support\/\" \/>\n<meta property=\"og:locale\" content=\"es_ES\" \/>\n<meta property=\"og:type\" content=\"article\" \/>\n<meta property=\"og:title\" content=\"THYROID SUPPORT - Premier Natural Wellness Center\" \/>\n<meta property=\"og:description\" content=\"THYROID SUPPORT : Explore a curated selection of premium products that elevate your lifestyle \u2013 quality, innovation, and style in every choice.\" \/>\n<meta property=\"og:url\" content=\"https:\/\/premiernaturalwellness.center\/es\/product\/thyroid-support\/\" \/>\n<meta property=\"og:site_name\" content=\"Premier Natural Wellness Center\" \/>\n<meta property=\"article:modified_time\" content=\"2024-03-14T12:00:48+00:00\" \/>\n<meta property=\"og:image\" content=\"https:\/\/premiernaturalwellness.center\/wp-content\/uploads\/2024\/03\/THYROID-Front.jpg\" \/>\n\t<meta property=\"og:image:width\" content=\"1128\" \/>\n\t<meta property=\"og:image:height\" content=\"1120\" \/>\n\t<meta property=\"og:image:type\" content=\"image\/jpeg\" \/>\n<meta name=\"twitter:card\" content=\"summary_large_image\" \/>\n<meta name=\"twitter:label1\" content=\"Est. reading time\" \/>\n\t<meta name=\"twitter:data1\" content=\"1 minuto\" \/>\n<script type=\"application\/ld+json\" class=\"yoast-schema-graph\">{\"@context\":\"https:\/\/schema.org\",\"@graph\":[{\"@type\":\"WebPage\",\"@id\":\"https:\/\/premiernaturalwellness.center\/es\/product\/thyroid-support\/\",\"url\":\"https:\/\/premiernaturalwellness.center\/es\/product\/thyroid-support\/\",\"name\":\"THYROID SUPPORT - Premier Natural Wellness Center\",\"isPartOf\":{\"@id\":\"https:\/\/premiernaturalwellness.center\/es\/#website\"},\"primaryImageOfPage\":{\"@id\":\"https:\/\/premiernaturalwellness.center\/es\/product\/thyroid-support\/#primaryimage\"},\"image\":{\"@id\":\"https:\/\/premiernaturalwellness.center\/es\/product\/thyroid-support\/#primaryimage\"},\"thumbnailUrl\":\"https:\/\/premiernaturalwellness.center\/wp-content\/uploads\/2024\/03\/THYROID-Front.jpg\",\"datePublished\":\"2024-01-17T16:30:22+00:00\",\"dateModified\":\"2024-03-14T12:00:48+00:00\",\"description\":\"THYROID SUPPORT : Explore a curated selection of premium products that elevate your lifestyle \u2013 quality, innovation, and style in every choice.\",\"breadcrumb\":{\"@id\":\"https:\/\/premiernaturalwellness.center\/es\/product\/thyroid-support\/#breadcrumb\"},\"inLanguage\":\"es\",\"potentialAction\":[{\"@type\":\"ReadAction\",\"target\":[\"https:\/\/premiernaturalwellness.center\/es\/product\/thyroid-support\/\"]}]},{\"@type\":\"ImageObject\",\"inLanguage\":\"es\",\"@id\":\"https:\/\/premiernaturalwellness.center\/es\/product\/thyroid-support\/#primaryimage\",\"url\":\"https:\/\/premiernaturalwellness.center\/wp-content\/uploads\/2024\/03\/THYROID-Front.jpg\",\"contentUrl\":\"https:\/\/premiernaturalwellness.center\/wp-content\/uploads\/2024\/03\/THYROID-Front.jpg\",\"width\":1128,\"height\":1120},{\"@type\":\"BreadcrumbList\",\"@id\":\"https:\/\/premiernaturalwellness.center\/es\/product\/thyroid-support\/#breadcrumb\",\"itemListElement\":[{\"@type\":\"ListItem\",\"position\":1,\"name\":\"Home\",\"item\":\"https:\/\/premiernaturalwellness.center\/es\/\"},{\"@type\":\"ListItem\",\"position\":2,\"name\":\"Products\",\"item\":\"https:\/\/premiernaturalwellness.center\/es\/products\/\"},{\"@type\":\"ListItem\",\"position\":3,\"name\":\"THYROID SUPPORT\"}]},{\"@type\":\"WebSite\",\"@id\":\"https:\/\/premiernaturalwellness.center\/es\/#website\",\"url\":\"https:\/\/premiernaturalwellness.center\/es\/\",\"name\":\"Premier Natural Wellness Center\",\"description\":\"\",\"publisher\":{\"@id\":\"https:\/\/premiernaturalwellness.center\/es\/#organization\"},\"potentialAction\":[{\"@type\":\"SearchAction\",\"target\":{\"@type\":\"EntryPoint\",\"urlTemplate\":\"https:\/\/premiernaturalwellness.center\/es\/?s={search_term_string}\"},\"query-input\":{\"@type\":\"PropertyValueSpecification\",\"valueRequired\":true,\"valueName\":\"search_term_string\"}}],\"inLanguage\":\"es\"},{\"@type\":\"Organization\",\"@id\":\"https:\/\/premiernaturalwellness.center\/es\/#organization\",\"name\":\"Premier Natural Wellness Center\",\"url\":\"https:\/\/premiernaturalwellness.center\/es\/\",\"logo\":{\"@type\":\"ImageObject\",\"inLanguage\":\"es\",\"@id\":\"https:\/\/premiernaturalwellness.center\/es\/#\/schema\/logo\/image\/\",\"url\":\"https:\/\/premiernaturalwellness.center\/wp-content\/uploads\/2024\/01\/cropped-PremierLogo-1.png-2.webp\",\"contentUrl\":\"https:\/\/premiernaturalwellness.center\/wp-content\/uploads\/2024\/01\/cropped-PremierLogo-1.png-2.webp\",\"width\":230,\"height\":61,\"caption\":\"Premier Natural Wellness Center\"},\"image\":{\"@id\":\"https:\/\/premiernaturalwellness.center\/es\/#\/schema\/logo\/image\/\"}}]}<\/script>\n<!-- \/ Yoast SEO plugin. -->","yoast_head_json":{"title":"THYROID SUPPORT - Premier Natural Wellness Center","description":"THYROID SUPPORT : Explore a curated selection of premium products that elevate your lifestyle \u2013 quality, innovation, and style in every choice.","robots":{"index":"index","follow":"follow","max-snippet":"max-snippet:-1","max-image-preview":"max-image-preview:large","max-video-preview":"max-video-preview:-1"},"canonical":"https:\/\/premiernaturalwellness.center\/es\/product\/thyroid-support\/","og_locale":"es_ES","og_type":"article","og_title":"THYROID SUPPORT - Premier Natural Wellness Center","og_description":"THYROID SUPPORT : Explore a curated selection of premium products that elevate your lifestyle \u2013 quality, innovation, and style in every choice.","og_url":"https:\/\/premiernaturalwellness.center\/es\/product\/thyroid-support\/","og_site_name":"Premier Natural Wellness Center","article_modified_time":"2024-03-14T12:00:48+00:00","og_image":[{"width":1128,"height":1120,"url":"https:\/\/premiernaturalwellness.center\/wp-content\/uploads\/2024\/03\/THYROID-Front.jpg","type":"image\/jpeg"}],"twitter_card":"summary_large_image","twitter_misc":{"Est. reading time":"1 minuto"},"schema":{"@context":"https:\/\/schema.org","@graph":[{"@type":"WebPage","@id":"https:\/\/premiernaturalwellness.center\/es\/product\/thyroid-support\/","url":"https:\/\/premiernaturalwellness.center\/es\/product\/thyroid-support\/","name":"THYROID SUPPORT - Premier Natural Wellness Center","isPartOf":{"@id":"https:\/\/premiernaturalwellness.center\/es\/#website"},"primaryImageOfPage":{"@id":"https:\/\/premiernaturalwellness.center\/es\/product\/thyroid-support\/#primaryimage"},"image":{"@id":"https:\/\/premiernaturalwellness.center\/es\/product\/thyroid-support\/#primaryimage"},"thumbnailUrl":"https:\/\/premiernaturalwellness.center\/wp-content\/uploads\/2024\/03\/THYROID-Front.jpg","datePublished":"2024-01-17T16:30:22+00:00","dateModified":"2024-03-14T12:00:48+00:00","description":"THYROID SUPPORT : Explore a curated selection of premium products that elevate your lifestyle \u2013 quality, innovation, and style in every choice.","breadcrumb":{"@id":"https:\/\/premiernaturalwellness.center\/es\/product\/thyroid-support\/#breadcrumb"},"inLanguage":"es","potentialAction":[{"@type":"ReadAction","target":["https:\/\/premiernaturalwellness.center\/es\/product\/thyroid-support\/"]}]},{"@type":"ImageObject","inLanguage":"es","@id":"https:\/\/premiernaturalwellness.center\/es\/product\/thyroid-support\/#primaryimage","url":"https:\/\/premiernaturalwellness.center\/wp-content\/uploads\/2024\/03\/THYROID-Front.jpg","contentUrl":"https:\/\/premiernaturalwellness.center\/wp-content\/uploads\/2024\/03\/THYROID-Front.jpg","width":1128,"height":1120},{"@type":"BreadcrumbList","@id":"https:\/\/premiernaturalwellness.center\/es\/product\/thyroid-support\/#breadcrumb","itemListElement":[{"@type":"ListItem","position":1,"name":"Home","item":"https:\/\/premiernaturalwellness.center\/es\/"},{"@type":"ListItem","position":2,"name":"Products","item":"https:\/\/premiernaturalwellness.center\/es\/products\/"},{"@type":"ListItem","position":3,"name":"THYROID SUPPORT"}]},{"@type":"WebSite","@id":"https:\/\/premiernaturalwellness.center\/es\/#website","url":"https:\/\/premiernaturalwellness.center\/es\/","name":"Premier Natural Wellness Center","description":"","publisher":{"@id":"https:\/\/premiernaturalwellness.center\/es\/#organization"},"potentialAction":[{"@type":"SearchAction","target":{"@type":"EntryPoint","urlTemplate":"https:\/\/premiernaturalwellness.center\/es\/?s={search_term_string}"},"query-input":{"@type":"PropertyValueSpecification","valueRequired":true,"valueName":"search_term_string"}}],"inLanguage":"es"},{"@type":"Organization","@id":"https:\/\/premiernaturalwellness.center\/es\/#organization","name":"Premier Natural Wellness Center","url":"https:\/\/premiernaturalwellness.center\/es\/","logo":{"@type":"ImageObject","inLanguage":"es","@id":"https:\/\/premiernaturalwellness.center\/es\/#\/schema\/logo\/image\/","url":"https:\/\/premiernaturalwellness.center\/wp-content\/uploads\/2024\/01\/cropped-PremierLogo-1.png-2.webp","contentUrl":"https:\/\/premiernaturalwellness.center\/wp-content\/uploads\/2024\/01\/cropped-PremierLogo-1.png-2.webp","width":230,"height":61,"caption":"Premier Natural Wellness Center"},"image":{"@id":"https:\/\/premiernaturalwellness.center\/es\/#\/schema\/logo\/image\/"}}]}},"_links":{"self":[{"href":"https:\/\/premiernaturalwellness.center\/es\/wp-json\/wp\/v2\/product\/1300"}],"collection":[{"href":"https:\/\/premiernaturalwellness.center\/es\/wp-json\/wp\/v2\/product"}],"about":[{"href":"https:\/\/premiernaturalwellness.center\/es\/wp-json\/wp\/v2\/types\/product"}],"version-history":[{"count":9,"href":"https:\/\/premiernaturalwellness.center\/es\/wp-json\/wp\/v2\/product\/1300\/revisions"}],"predecessor-version":[{"id":2728,"href":"https:\/\/premiernaturalwellness.center\/es\/wp-json\/wp\/v2\/product\/1300\/revisions\/2728"}],"wp:featuredmedia":[{"embeddable":true,"href":"https:\/\/premiernaturalwellness.center\/es\/wp-json\/wp\/v2\/media\/2727"}],"wp:attachment":[{"href":"https:\/\/premiernaturalwellness.center\/es\/wp-json\/wp\/v2\/media?parent=1300"}],"wp:term":[{"taxonomy":"product_cat","embeddable":true,"href":"https:\/\/premiernaturalwellness.center\/es\/wp-json\/wp\/v2\/product_cat?post=1300"},{"taxonomy":"product_tag","embeddable":true,"href":"https:\/\/premiernaturalwellness.center\/es\/wp-json\/wp\/v2\/product_tag?post=1300"}],"curies":[{"name":"wp","href":"https:\/\/api.w.org\/{rel}","templated":true}]}}