{"id":1290,"date":"2024-01-17T16:29:50","date_gmt":"2024-01-17T16:29:50","guid":{"rendered":"https:\/\/premiernaturalwellness.center\/?post_type=product&#038;p=1290"},"modified":"2024-03-01T21:34:59","modified_gmt":"2024-03-01T21:34:59","slug":"strong-collagen","status":"publish","type":"product","link":"https:\/\/premiernaturalwellness.center\/es\/product\/strong-collagen\/","title":{"rendered":"STRONG COLLAGEN"},"content":{"rendered":"<div data-elementor-type=\"wp-post\" data-elementor-id=\"1290\" class=\"elementor elementor-1290\">\n\t\t\t\t<div class=\"elementor-element elementor-element-36e1b019 e-flex e-con-boxed e-con e-parent\" data-id=\"36e1b019\" data-element_type=\"container\">\n\t\t\t\t\t<div class=\"e-con-inner\">\n\t\t\t\t<div class=\"elementor-element elementor-element-cebc741 elementor-widget elementor-widget-text-editor\" data-id=\"cebc741\" data-element_type=\"widget\" data-widget_type=\"text-editor.default\">\n\t\t\t\t<div class=\"elementor-widget-container\">\n\t\t\t\t\t\t\t\t\tEste complemento est\u00e1 minuciosamente dise\u00f1ado para embellecer la aptitud y movilidad articular. Contiene componentes clave como col\u00e1geno de pescado hidrolizado y MSM, que mejoran las articulaciones. El extracto de Boswellia serrata y el 95% de extracto de curcumina est\u00e1n cubiertos por sus efectos antiinflamatorios, mientras que la biotina contribuye a la salud de la piel. La condroitina favorece la aptitud del cart\u00edlago y el \u00e1cido asc\u00f3rbico con \u00e1cido hialur\u00f3nico ayuda a la lubricaci\u00f3n de las articulaciones. Esta combinaci\u00f3n sin\u00e9rgica es eficaz para promover la flexibilidad, aliviar el malestar y favorecer el bienestar general de las articulaciones, lo que la convierte en una valiosa adici\u00f3n a los centros de bienestar centrados en la salud y la movilidad de las articulaciones.\t\t\t\t\t\t\t\t<\/div>\n\t\t\t\t<\/div>\n\t\t\t\t\t<\/div>\n\t\t\t\t<\/div>\n\t\t\t\t<section class=\"elementor-section elementor-top-section elementor-element elementor-element-774a8542 elementor-section-boxed elementor-section-height-default elementor-section-height-default\" data-id=\"774a8542\" data-element_type=\"section\">\n\t\t\t\t\t\t<div class=\"elementor-container elementor-column-gap-default\">\n\t\t\t\t\t<div class=\"elementor-column elementor-col-100 elementor-top-column elementor-element elementor-element-3ffc1344\" data-id=\"3ffc1344\" data-element_type=\"column\">\n\t\t\t<div class=\"elementor-widget-wrap elementor-element-populated\">\n\t\t\t\t\t\t<div class=\"elementor-element elementor-element-39e315d7 elementor-widget elementor-widget-heading\" data-id=\"39e315d7\" data-element_type=\"widget\" data-widget_type=\"heading.default\">\n\t\t\t\t<div class=\"elementor-widget-container\">\n\t\t\t\t\t<h3 class=\"elementor-heading-title elementor-size-default\">Ahora disponible en Puerto Rico.<\/h3>\t\t\t\t<\/div>\n\t\t\t\t<\/div>\n\t\t\t\t<div class=\"elementor-element elementor-element-4b4194cd elementor-widget elementor-widget-video\" data-id=\"4b4194cd\" data-element_type=\"widget\" data-settings=\"{&quot;youtube_url&quot;:&quot;https:\\\/\\\/youtu.be\\\/-ujbM8O94kk&quot;,&quot;loop&quot;:&quot;yes&quot;,&quot;modestbranding&quot;:&quot;yes&quot;,&quot;video_type&quot;:&quot;youtube&quot;,&quot;controls&quot;:&quot;yes&quot;}\" data-widget_type=\"video.default\">\n\t\t\t\t<div class=\"elementor-widget-container\">\n\t\t\t\t\t\t\t<div class=\"elementor-wrapper elementor-open-inline\">\n\t\t\t<div class=\"elementor-video\"><\/div>\t\t<\/div>\n\t\t\t\t\t\t<\/div>\n\t\t\t\t<\/div>\n\t\t\t\t<div class=\"elementor-element elementor-element-65bdabca elementor-widget elementor-widget-spacer\" data-id=\"65bdabca\" data-element_type=\"widget\" data-widget_type=\"spacer.default\">\n\t\t\t\t<div class=\"elementor-widget-container\">\n\t\t\t\t\t\t\t<div class=\"elementor-spacer\">\n\t\t\t<div class=\"elementor-spacer-inner\"><\/div>\n\t\t<\/div>\n\t\t\t\t\t\t<\/div>\n\t\t\t\t<\/div>\n\t\t\t\t<div class=\"elementor-element elementor-element-463f1fa elementor-widget elementor-widget-heading\" data-id=\"463f1fa\" data-element_type=\"widget\" data-widget_type=\"heading.default\">\n\t\t\t\t<div class=\"elementor-widget-container\">\n\t\t\t\t\t<h3 class=\"elementor-heading-title elementor-size-default\">Voces de Bienestar <\/h3>\t\t\t\t<\/div>\n\t\t\t\t<\/div>\n\t\t\t\t<div class=\"elementor-element elementor-element-d962bd8 elementor-widget elementor-widget-testimonial\" data-id=\"d962bd8\" data-element_type=\"widget\" data-widget_type=\"testimonial.default\">\n\t\t\t\t<div class=\"elementor-widget-container\">\n\t\t\t\t\t\t\t<div class=\"elementor-testimonial-wrapper\">\n\t\t\t\t\t\t\t<div class=\"elementor-testimonial-content\">Mi nombre es Nitza L\u00f3pez, en b\u00fasqueda de mi mejor calidad para mi salud y la de mi esposo Federico L\u00f3pez me recomendaron un Premier Natural Wellness Center. Hemos usado de ellos varios de sus servicios, entre ellos: los sueros , las multivitaminas, variedad de teses naturales, todos excelent\u00edsimos. Tambi\u00e9n he tenido consultas con la Naturapata, Lcda. Ver\u00f3nica Ortiz, quien ha sido de gran ayuda en mi proceso de salud f\u00edsica y emocional, la recomiendo totalmente. Adem\u00e1s cuentan con un personal espectacular, nos han tratado como familia. <\/div>\n\t\t\t\n\t\t\t\t\t\t<div class=\"elementor-testimonial-meta\">\n\t\t\t\t<div class=\"elementor-testimonial-meta-inner\">\n\t\t\t\t\t\n\t\t\t\t\t\t\t\t\t\t<div class=\"elementor-testimonial-details\">\n\t\t\t\t\t\t\t\t\t\t\t\t\t\t<div class=\"elementor-testimonial-name\">Los recomiendo 100 % todos los servicios.<\/div>\n\t\t\t\t\t\t\t\t\t\t\t\t\t\t\t\t\t\t\t<\/div>\n\t\t\t\t\t\t\t\t\t<\/div>\n\t\t\t<\/div>\n\t\t\t\t\t<\/div>\n\t\t\t\t\t\t<\/div>\n\t\t\t\t<\/div>\n\t\t\t\t\t<\/div>\n\t\t<\/div>\n\t\t\t\t\t<\/div>\n\t\t<\/section>\n\t\t\t\t<\/div>","protected":false},"excerpt":{"rendered":"<p>Suplemento dise\u00f1ado para mejorar la salud y movilidad de las articulaciones. Sus componentes clave incluyen col\u00e1geno de pescado hidrolizado y MSM para fortalecer las articulaciones, extracto de Boswellia serrata y extracto de curcumina al 95% para efectos antiinflamatorios, biotina para la salud de la piel. Condroitina para soporte del cart\u00edlago y \u00e1cido asc\u00f3rbico con \u00e1cido hialur\u00f3nico para lubricaci\u00f3n de las articulaciones. Esta mezcla sin\u00e9rgica promueve la flexibilidad, alivia las molestias y promueve el bienestar general de las articulaciones.<\/p>","protected":false},"featured_media":1421,"template":"","meta":[],"product_cat":[100,132,133,146],"product_tag":[147],"yoast_head":"<!-- This site is optimized with the Yoast SEO plugin v23.4 - https:\/\/yoast.com\/wordpress\/plugins\/seo\/ -->\n<title>STRONG COLLAGEN - Premier Natural Wellness Center<\/title>\n<meta name=\"description\" content=\"STRONG COLLAGEN : Explore a curated selection of premium products that elevate your lifestyle \u2013 quality, innovation, and style in every choice.\" \/>\n<meta name=\"robots\" content=\"index, follow, max-snippet:-1, max-image-preview:large, max-video-preview:-1\" \/>\n<link rel=\"canonical\" href=\"https:\/\/premiernaturalwellness.center\/es\/product\/strong-collagen\/\" \/>\n<meta property=\"og:locale\" content=\"es_ES\" \/>\n<meta property=\"og:type\" content=\"article\" \/>\n<meta property=\"og:title\" content=\"STRONG COLLAGEN - Premier Natural Wellness Center\" \/>\n<meta property=\"og:description\" content=\"STRONG COLLAGEN : Explore a curated selection of premium products that elevate your lifestyle \u2013 quality, innovation, and style in every choice.\" \/>\n<meta property=\"og:url\" content=\"https:\/\/premiernaturalwellness.center\/es\/product\/strong-collagen\/\" \/>\n<meta property=\"og:site_name\" content=\"Premier Natural Wellness Center\" \/>\n<meta property=\"article:modified_time\" content=\"2024-03-01T21:34:59+00:00\" \/>\n<meta property=\"og:image\" content=\"https:\/\/premiernaturalwellness.center\/wp-content\/uploads\/2024\/01\/collagan-plus-front-1.jpg\" \/>\n\t<meta property=\"og:image:width\" content=\"1128\" \/>\n\t<meta property=\"og:image:height\" content=\"1120\" \/>\n\t<meta property=\"og:image:type\" content=\"image\/jpeg\" \/>\n<meta name=\"twitter:card\" content=\"summary_large_image\" \/>\n<meta name=\"twitter:label1\" content=\"Est. reading time\" \/>\n\t<meta name=\"twitter:data1\" content=\"2 minutos\" \/>\n<script type=\"application\/ld+json\" class=\"yoast-schema-graph\">{\"@context\":\"https:\/\/schema.org\",\"@graph\":[{\"@type\":\"WebPage\",\"@id\":\"https:\/\/premiernaturalwellness.center\/product\/strong-collagen\/\",\"url\":\"https:\/\/premiernaturalwellness.center\/product\/strong-collagen\/\",\"name\":\"STRONG COLLAGEN - Premier Natural Wellness Center\",\"isPartOf\":{\"@id\":\"https:\/\/premiernaturalwellness.center\/es\/#website\"},\"primaryImageOfPage\":{\"@id\":\"https:\/\/premiernaturalwellness.center\/product\/strong-collagen\/#primaryimage\"},\"image\":{\"@id\":\"https:\/\/premiernaturalwellness.center\/product\/strong-collagen\/#primaryimage\"},\"thumbnailUrl\":\"https:\/\/premiernaturalwellness.center\/wp-content\/uploads\/2024\/01\/collagan-plus-front-1.jpg\",\"datePublished\":\"2024-01-17T16:29:50+00:00\",\"dateModified\":\"2024-03-01T21:34:59+00:00\",\"description\":\"STRONG COLLAGEN : Explore a curated selection of premium products that elevate your lifestyle \u2013 quality, innovation, and style in every choice.\",\"breadcrumb\":{\"@id\":\"https:\/\/premiernaturalwellness.center\/product\/strong-collagen\/#breadcrumb\"},\"inLanguage\":\"es\",\"potentialAction\":[{\"@type\":\"ReadAction\",\"target\":[\"https:\/\/premiernaturalwellness.center\/product\/strong-collagen\/\"]}]},{\"@type\":\"ImageObject\",\"inLanguage\":\"es\",\"@id\":\"https:\/\/premiernaturalwellness.center\/product\/strong-collagen\/#primaryimage\",\"url\":\"https:\/\/premiernaturalwellness.center\/wp-content\/uploads\/2024\/01\/collagan-plus-front-1.jpg\",\"contentUrl\":\"https:\/\/premiernaturalwellness.center\/wp-content\/uploads\/2024\/01\/collagan-plus-front-1.jpg\",\"width\":1128,\"height\":1120,\"caption\":\"collagan plus front White BG\"},{\"@type\":\"BreadcrumbList\",\"@id\":\"https:\/\/premiernaturalwellness.center\/product\/strong-collagen\/#breadcrumb\",\"itemListElement\":[{\"@type\":\"ListItem\",\"position\":1,\"name\":\"Home\",\"item\":\"https:\/\/premiernaturalwellness.center\/es\/\"},{\"@type\":\"ListItem\",\"position\":2,\"name\":\"Products\",\"item\":\"https:\/\/premiernaturalwellness.center\/es\/products\/\"},{\"@type\":\"ListItem\",\"position\":3,\"name\":\"STRONG COLLAGEN\"}]},{\"@type\":\"WebSite\",\"@id\":\"https:\/\/premiernaturalwellness.center\/es\/#website\",\"url\":\"https:\/\/premiernaturalwellness.center\/es\/\",\"name\":\"Premier Natural Wellness Center\",\"description\":\"\",\"publisher\":{\"@id\":\"https:\/\/premiernaturalwellness.center\/es\/#organization\"},\"potentialAction\":[{\"@type\":\"SearchAction\",\"target\":{\"@type\":\"EntryPoint\",\"urlTemplate\":\"https:\/\/premiernaturalwellness.center\/es\/?s={search_term_string}\"},\"query-input\":{\"@type\":\"PropertyValueSpecification\",\"valueRequired\":true,\"valueName\":\"search_term_string\"}}],\"inLanguage\":\"es\"},{\"@type\":\"Organization\",\"@id\":\"https:\/\/premiernaturalwellness.center\/es\/#organization\",\"name\":\"Premier Natural Wellness Center\",\"url\":\"https:\/\/premiernaturalwellness.center\/es\/\",\"logo\":{\"@type\":\"ImageObject\",\"inLanguage\":\"es\",\"@id\":\"https:\/\/premiernaturalwellness.center\/es\/#\/schema\/logo\/image\/\",\"url\":\"https:\/\/premiernaturalwellness.center\/wp-content\/uploads\/2024\/01\/cropped-PremierLogo-1.png-2.webp\",\"contentUrl\":\"https:\/\/premiernaturalwellness.center\/wp-content\/uploads\/2024\/01\/cropped-PremierLogo-1.png-2.webp\",\"width\":230,\"height\":61,\"caption\":\"Premier Natural Wellness Center\"},\"image\":{\"@id\":\"https:\/\/premiernaturalwellness.center\/es\/#\/schema\/logo\/image\/\"}}]}<\/script>\n<!-- \/ Yoast SEO plugin. -->","yoast_head_json":{"title":"STRONG COLLAGEN - Premier Natural Wellness Center","description":"STRONG COLLAGEN : Explore a curated selection of premium products that elevate your lifestyle \u2013 quality, innovation, and style in every choice.","robots":{"index":"index","follow":"follow","max-snippet":"max-snippet:-1","max-image-preview":"max-image-preview:large","max-video-preview":"max-video-preview:-1"},"canonical":"https:\/\/premiernaturalwellness.center\/es\/product\/strong-collagen\/","og_locale":"es_ES","og_type":"article","og_title":"STRONG COLLAGEN - Premier Natural Wellness Center","og_description":"STRONG COLLAGEN : Explore a curated selection of premium products that elevate your lifestyle \u2013 quality, innovation, and style in every choice.","og_url":"https:\/\/premiernaturalwellness.center\/es\/product\/strong-collagen\/","og_site_name":"Premier Natural Wellness Center","article_modified_time":"2024-03-01T21:34:59+00:00","og_image":[{"width":1128,"height":1120,"url":"https:\/\/premiernaturalwellness.center\/wp-content\/uploads\/2024\/01\/collagan-plus-front-1.jpg","type":"image\/jpeg"}],"twitter_card":"summary_large_image","twitter_misc":{"Est. reading time":"2 minutos"},"schema":{"@context":"https:\/\/schema.org","@graph":[{"@type":"WebPage","@id":"https:\/\/premiernaturalwellness.center\/product\/strong-collagen\/","url":"https:\/\/premiernaturalwellness.center\/product\/strong-collagen\/","name":"STRONG COLLAGEN - Premier Natural Wellness Center","isPartOf":{"@id":"https:\/\/premiernaturalwellness.center\/es\/#website"},"primaryImageOfPage":{"@id":"https:\/\/premiernaturalwellness.center\/product\/strong-collagen\/#primaryimage"},"image":{"@id":"https:\/\/premiernaturalwellness.center\/product\/strong-collagen\/#primaryimage"},"thumbnailUrl":"https:\/\/premiernaturalwellness.center\/wp-content\/uploads\/2024\/01\/collagan-plus-front-1.jpg","datePublished":"2024-01-17T16:29:50+00:00","dateModified":"2024-03-01T21:34:59+00:00","description":"STRONG COLLAGEN : Explore a curated selection of premium products that elevate your lifestyle \u2013 quality, innovation, and style in every choice.","breadcrumb":{"@id":"https:\/\/premiernaturalwellness.center\/product\/strong-collagen\/#breadcrumb"},"inLanguage":"es","potentialAction":[{"@type":"ReadAction","target":["https:\/\/premiernaturalwellness.center\/product\/strong-collagen\/"]}]},{"@type":"ImageObject","inLanguage":"es","@id":"https:\/\/premiernaturalwellness.center\/product\/strong-collagen\/#primaryimage","url":"https:\/\/premiernaturalwellness.center\/wp-content\/uploads\/2024\/01\/collagan-plus-front-1.jpg","contentUrl":"https:\/\/premiernaturalwellness.center\/wp-content\/uploads\/2024\/01\/collagan-plus-front-1.jpg","width":1128,"height":1120,"caption":"collagan plus front White BG"},{"@type":"BreadcrumbList","@id":"https:\/\/premiernaturalwellness.center\/product\/strong-collagen\/#breadcrumb","itemListElement":[{"@type":"ListItem","position":1,"name":"Home","item":"https:\/\/premiernaturalwellness.center\/es\/"},{"@type":"ListItem","position":2,"name":"Products","item":"https:\/\/premiernaturalwellness.center\/es\/products\/"},{"@type":"ListItem","position":3,"name":"STRONG COLLAGEN"}]},{"@type":"WebSite","@id":"https:\/\/premiernaturalwellness.center\/es\/#website","url":"https:\/\/premiernaturalwellness.center\/es\/","name":"Premier Natural Wellness Center","description":"","publisher":{"@id":"https:\/\/premiernaturalwellness.center\/es\/#organization"},"potentialAction":[{"@type":"SearchAction","target":{"@type":"EntryPoint","urlTemplate":"https:\/\/premiernaturalwellness.center\/es\/?s={search_term_string}"},"query-input":{"@type":"PropertyValueSpecification","valueRequired":true,"valueName":"search_term_string"}}],"inLanguage":"es"},{"@type":"Organization","@id":"https:\/\/premiernaturalwellness.center\/es\/#organization","name":"Premier Natural Wellness Center","url":"https:\/\/premiernaturalwellness.center\/es\/","logo":{"@type":"ImageObject","inLanguage":"es","@id":"https:\/\/premiernaturalwellness.center\/es\/#\/schema\/logo\/image\/","url":"https:\/\/premiernaturalwellness.center\/wp-content\/uploads\/2024\/01\/cropped-PremierLogo-1.png-2.webp","contentUrl":"https:\/\/premiernaturalwellness.center\/wp-content\/uploads\/2024\/01\/cropped-PremierLogo-1.png-2.webp","width":230,"height":61,"caption":"Premier Natural Wellness Center"},"image":{"@id":"https:\/\/premiernaturalwellness.center\/es\/#\/schema\/logo\/image\/"}}]}},"_links":{"self":[{"href":"https:\/\/premiernaturalwellness.center\/es\/wp-json\/wp\/v2\/product\/1290"}],"collection":[{"href":"https:\/\/premiernaturalwellness.center\/es\/wp-json\/wp\/v2\/product"}],"about":[{"href":"https:\/\/premiernaturalwellness.center\/es\/wp-json\/wp\/v2\/types\/product"}],"version-history":[{"count":9,"href":"https:\/\/premiernaturalwellness.center\/es\/wp-json\/wp\/v2\/product\/1290\/revisions"}],"predecessor-version":[{"id":2604,"href":"https:\/\/premiernaturalwellness.center\/es\/wp-json\/wp\/v2\/product\/1290\/revisions\/2604"}],"wp:featuredmedia":[{"embeddable":true,"href":"https:\/\/premiernaturalwellness.center\/es\/wp-json\/wp\/v2\/media\/1421"}],"wp:attachment":[{"href":"https:\/\/premiernaturalwellness.center\/es\/wp-json\/wp\/v2\/media?parent=1290"}],"wp:term":[{"taxonomy":"product_cat","embeddable":true,"href":"https:\/\/premiernaturalwellness.center\/es\/wp-json\/wp\/v2\/product_cat?post=1290"},{"taxonomy":"product_tag","embeddable":true,"href":"https:\/\/premiernaturalwellness.center\/es\/wp-json\/wp\/v2\/product_tag?post=1290"}],"curies":[{"name":"wp","href":"https:\/\/api.w.org\/{rel}","templated":true}]}}